{"id":2635,"date":"2025-07-25T09:42:08","date_gmt":"2025-07-25T15:42:08","guid":{"rendered":"https:\/\/bara.com.mx\/producto\/toallas-de-cocina-ecologicas-siprecio-1r-160-hd\/"},"modified":"2025-07-25T09:42:08","modified_gmt":"2025-07-25T15:42:08","slug":"toallas-de-cocina-ecologicas-siprecio-1r-160-hd","status":"publish","type":"product","link":"https:\/\/bara.com.mx\/?product=toallas-de-cocina-ecologicas-siprecio-1r-160-hd","title":{"rendered":"Toallas de Cocina Ecol\u00f3gicas S\u00edprecio 1r\/160 hd"},"content":{"rendered":"<p>Servilletas<\/p>\n","protected":false},"excerpt":{"rendered":"<h3><span style=\"color: #ff6600;\"><strong>Descripci\u00f3n del Producto:<\/strong><\/span><\/h3>\n<p>Las Toallas de Cocina Ecol\u00f3gicas S\u00edprecio ofrecen alta absorci\u00f3n y resistencia, elaboradas con materiales amigables con el medio ambiente para una limpieza eficaz y responsable.<\/p>\n","protected":false},"featured_media":2634,"comment_status":"closed","ping_status":"closed","template":"","meta":{"_et_pb_use_builder":"","_et_pb_old_content":"","_et_gb_content_width":""},"product_brand":[37],"product_cat":[35,29],"product_tag":[],"class_list":{"0":"post-2635","1":"product","2":"type-product","3":"status-publish","4":"has-post-thumbnail","6":"product_brand-siprecio","7":"product_cat-limpieza-del-hogar","8":"product_cat-marcas-propias","10":"first","11":"instock","12":"shipping-taxable","13":"product-type-simple"},"_links":{"self":[{"href":"https:\/\/bara.com.mx\/index.php?rest_route=\/wp\/v2\/product\/2635","targetHints":{"allow":["GET"]}}],"collection":[{"href":"https:\/\/bara.com.mx\/index.php?rest_route=\/wp\/v2\/product"}],"about":[{"href":"https:\/\/bara.com.mx\/index.php?rest_route=\/wp\/v2\/types\/product"}],"replies":[{"embeddable":true,"href":"https:\/\/bara.com.mx\/index.php?rest_route=%2Fwp%2Fv2%2Fcomments&post=2635"}],"wp:featuredmedia":[{"embeddable":true,"href":"https:\/\/bara.com.mx\/index.php?rest_route=\/wp\/v2\/media\/2634"}],"wp:attachment":[{"href":"https:\/\/bara.com.mx\/index.php?rest_route=%2Fwp%2Fv2%2Fmedia&parent=2635"}],"wp:term":[{"taxonomy":"product_brand","embeddable":true,"href":"https:\/\/bara.com.mx\/index.php?rest_route=%2Fwp%2Fv2%2Fproduct_brand&post=2635"},{"taxonomy":"product_cat","embeddable":true,"href":"https:\/\/bara.com.mx\/index.php?rest_route=%2Fwp%2Fv2%2Fproduct_cat&post=2635"},{"taxonomy":"product_tag","embeddable":true,"href":"https:\/\/bara.com.mx\/index.php?rest_route=%2Fwp%2Fv2%2Fproduct_tag&post=2635"}],"curies":[{"name":"wp","href":"https:\/\/api.w.org\/{rel}","templated":true}]}}