{"id":1901,"date":"2025-07-17T15:47:34","date_gmt":"2025-07-17T21:47:34","guid":{"rendered":"https:\/\/bara.com.mx\/producto\/detergente-de-ropa-color-bonamark-830-ml-2\/"},"modified":"2025-07-17T15:47:36","modified_gmt":"2025-07-17T21:47:36","slug":"detergente-de-ropa-color-bonamark-830-ml-2","status":"publish","type":"product","link":"https:\/\/bara.com.mx\/?product=detergente-de-ropa-color-bonamark-830-ml-2","title":{"rendered":"Detergente de Ropa Color BONAMARK 830 ml"},"content":{"rendered":"<p>Detergente<\/p>\n","protected":false},"excerpt":{"rendered":"<h3><span style=\"color: #ff6600;\"><strong>Descripci\u00f3n del Producto:<\/strong><\/span><\/h3>\n<p>Nuestros detergentes BONAMARK ofrecen soluciones especializadas para el cuidado de tu ropa, con f\u00f3rmulas dise\u00f1adas para ropa de color, oscura, con suavizante o con bicarbonato. Limpieza efectiva y protecci\u00f3n en cada lavado.<\/p>\n","protected":false},"featured_media":1900,"comment_status":"closed","ping_status":"closed","template":"","meta":{"_et_pb_use_builder":"","_et_pb_old_content":"","_et_gb_content_width":""},"product_brand":[28],"product_cat":[35,29],"product_tag":[],"class_list":{"0":"post-1901","1":"product","2":"type-product","3":"status-publish","4":"has-post-thumbnail","6":"product_brand-bonamark","7":"product_cat-limpieza-del-hogar","8":"product_cat-marcas-propias","10":"first","11":"instock","12":"shipping-taxable","13":"product-type-simple"},"_links":{"self":[{"href":"https:\/\/bara.com.mx\/index.php?rest_route=\/wp\/v2\/product\/1901","targetHints":{"allow":["GET"]}}],"collection":[{"href":"https:\/\/bara.com.mx\/index.php?rest_route=\/wp\/v2\/product"}],"about":[{"href":"https:\/\/bara.com.mx\/index.php?rest_route=\/wp\/v2\/types\/product"}],"replies":[{"embeddable":true,"href":"https:\/\/bara.com.mx\/index.php?rest_route=%2Fwp%2Fv2%2Fcomments&post=1901"}],"wp:featuredmedia":[{"embeddable":true,"href":"https:\/\/bara.com.mx\/index.php?rest_route=\/wp\/v2\/media\/1900"}],"wp:attachment":[{"href":"https:\/\/bara.com.mx\/index.php?rest_route=%2Fwp%2Fv2%2Fmedia&parent=1901"}],"wp:term":[{"taxonomy":"product_brand","embeddable":true,"href":"https:\/\/bara.com.mx\/index.php?rest_route=%2Fwp%2Fv2%2Fproduct_brand&post=1901"},{"taxonomy":"product_cat","embeddable":true,"href":"https:\/\/bara.com.mx\/index.php?rest_route=%2Fwp%2Fv2%2Fproduct_cat&post=1901"},{"taxonomy":"product_tag","embeddable":true,"href":"https:\/\/bara.com.mx\/index.php?rest_route=%2Fwp%2Fv2%2Fproduct_tag&post=1901"}],"curies":[{"name":"wp","href":"https:\/\/api.w.org\/{rel}","templated":true}]}}