{"id":1501,"date":"2025-07-13T14:02:11","date_gmt":"2025-07-13T19:02:11","guid":{"rendered":"https:\/\/bara.com.mx\/?post_type=product&#038;p=1501"},"modified":"2025-10-16T16:33:17","modified_gmt":"2025-10-16T22:33:17","slug":"cacahuate-habanero-bonamark-105-gr","status":"publish","type":"product","link":"https:\/\/bara.com.mx\/?product=cacahuate-habanero-bonamark-105-gr","title":{"rendered":"Detergente para Ropa de Color BONAMARK 3 L"},"content":{"rendered":"","protected":false},"excerpt":{"rendered":"<h3><span style=\"color: #ff6600;\"><strong>Descripci\u00f3n del Producto:<\/strong><\/span><\/h3>\n<p>El Detergente para Ropa de Color BONAMARK de 3 litros tiene f\u00f3rmula antibacterial y cuida las fibras de tu ropa. Su sistema de protecci\u00f3n de color evita el deste\u00f1imiento, manteniendo tus prendas como nuevas, rinde hasta 40 cargas.<\/p>\n","protected":false},"featured_media":3151,"comment_status":"closed","ping_status":"closed","template":"","meta":{"_et_pb_use_builder":"","_et_pb_old_content":"2","_et_gb_content_width":""},"product_brand":[28],"product_cat":[35,29],"product_tag":[],"class_list":{"0":"post-1501","1":"product","2":"type-product","3":"status-publish","4":"has-post-thumbnail","6":"product_brand-bonamark","7":"product_cat-limpieza-del-hogar","8":"product_cat-marcas-propias","10":"first","11":"instock","12":"shipping-taxable","13":"product-type-simple"},"_links":{"self":[{"href":"https:\/\/bara.com.mx\/index.php?rest_route=\/wp\/v2\/product\/1501","targetHints":{"allow":["GET"]}}],"collection":[{"href":"https:\/\/bara.com.mx\/index.php?rest_route=\/wp\/v2\/product"}],"about":[{"href":"https:\/\/bara.com.mx\/index.php?rest_route=\/wp\/v2\/types\/product"}],"replies":[{"embeddable":true,"href":"https:\/\/bara.com.mx\/index.php?rest_route=%2Fwp%2Fv2%2Fcomments&post=1501"}],"wp:featuredmedia":[{"embeddable":true,"href":"https:\/\/bara.com.mx\/index.php?rest_route=\/wp\/v2\/media\/3151"}],"wp:attachment":[{"href":"https:\/\/bara.com.mx\/index.php?rest_route=%2Fwp%2Fv2%2Fmedia&parent=1501"}],"wp:term":[{"taxonomy":"product_brand","embeddable":true,"href":"https:\/\/bara.com.mx\/index.php?rest_route=%2Fwp%2Fv2%2Fproduct_brand&post=1501"},{"taxonomy":"product_cat","embeddable":true,"href":"https:\/\/bara.com.mx\/index.php?rest_route=%2Fwp%2Fv2%2Fproduct_cat&post=1501"},{"taxonomy":"product_tag","embeddable":true,"href":"https:\/\/bara.com.mx\/index.php?rest_route=%2Fwp%2Fv2%2Fproduct_tag&post=1501"}],"curies":[{"name":"wp","href":"https:\/\/api.w.org\/{rel}","templated":true}]}}