{"id":1452,"date":"2025-07-13T13:17:04","date_gmt":"2025-07-13T18:17:04","guid":{"rendered":"https:\/\/bara.com.mx\/?post_type=product&#038;p=1452"},"modified":"2025-07-13T13:18:05","modified_gmt":"2025-07-13T18:18:05","slug":"toallitas-humedas-hipoalergenicas-bonamark-100-pzs","status":"publish","type":"product","link":"https:\/\/bara.com.mx\/?product=toallitas-humedas-hipoalergenicas-bonamark-100-pzs","title":{"rendered":"Toallitas H\u00famedas Hipoalerg\u00e9nicas BONAMARK 100 pzs"},"content":{"rendered":"","protected":false},"excerpt":{"rendered":"<h3><span style=\"color: #ff6600;\"><strong>Descripci\u00f3n del Producto:<\/strong><\/span><\/h3>\n<p>Nuestra variedad de toallitas h\u00famedas hipoalerg\u00e9nicas para beb\u00e9 limpia y protege la piel delicada con m\u00e1xima suavidad, ideales para el cuidado diario sin irritaciones.<\/p>\n","protected":false},"featured_media":1453,"comment_status":"closed","ping_status":"closed","template":"","meta":{"_et_pb_use_builder":"","_et_pb_old_content":"","_et_gb_content_width":""},"product_brand":[28],"product_cat":[36,29],"product_tag":[],"class_list":{"0":"post-1452","1":"product","2":"type-product","3":"status-publish","4":"has-post-thumbnail","6":"product_brand-bonamark","7":"product_cat-higiene-personal","8":"product_cat-marcas-propias","10":"first","11":"instock","12":"shipping-taxable","13":"product-type-simple"},"_links":{"self":[{"href":"https:\/\/bara.com.mx\/index.php?rest_route=\/wp\/v2\/product\/1452","targetHints":{"allow":["GET"]}}],"collection":[{"href":"https:\/\/bara.com.mx\/index.php?rest_route=\/wp\/v2\/product"}],"about":[{"href":"https:\/\/bara.com.mx\/index.php?rest_route=\/wp\/v2\/types\/product"}],"replies":[{"embeddable":true,"href":"https:\/\/bara.com.mx\/index.php?rest_route=%2Fwp%2Fv2%2Fcomments&post=1452"}],"wp:featuredmedia":[{"embeddable":true,"href":"https:\/\/bara.com.mx\/index.php?rest_route=\/wp\/v2\/media\/1453"}],"wp:attachment":[{"href":"https:\/\/bara.com.mx\/index.php?rest_route=%2Fwp%2Fv2%2Fmedia&parent=1452"}],"wp:term":[{"taxonomy":"product_brand","embeddable":true,"href":"https:\/\/bara.com.mx\/index.php?rest_route=%2Fwp%2Fv2%2Fproduct_brand&post=1452"},{"taxonomy":"product_cat","embeddable":true,"href":"https:\/\/bara.com.mx\/index.php?rest_route=%2Fwp%2Fv2%2Fproduct_cat&post=1452"},{"taxonomy":"product_tag","embeddable":true,"href":"https:\/\/bara.com.mx\/index.php?rest_route=%2Fwp%2Fv2%2Fproduct_tag&post=1452"}],"curies":[{"name":"wp","href":"https:\/\/api.w.org\/{rel}","templated":true}]}}