{"id":1395,"date":"2025-07-13T12:18:20","date_gmt":"2025-07-13T17:18:20","guid":{"rendered":"https:\/\/bara.com.mx\/?post_type=product&#038;p=1395"},"modified":"2025-07-17T11:55:37","modified_gmt":"2025-07-17T17:55:37","slug":"jamon-de-pierna-bonamark","status":"publish","type":"product","link":"https:\/\/bara.com.mx\/?product=jamon-de-pierna-bonamark","title":{"rendered":"Jam\u00f3n de Pierna BONAMARK"},"content":{"rendered":"","protected":false},"excerpt":{"rendered":"<h3><span style=\"color: #ff6600;\"><strong>Descripci\u00f3n del Producto:<\/strong><\/span><\/h3>\n<p>Nuestro jam\u00f3n de pierna BONAMARK ofrecen un sabor aut\u00e9ntico y textura suave. Ideal para s\u00e1ndwiches, desayunos o platillos ligeros. Una opci\u00f3n deliciosa y pr\u00e1ctica para disfrutar en cualquier momento del d\u00eda.<\/p>\n","protected":false},"featured_media":1824,"comment_status":"closed","ping_status":"closed","template":"","meta":{"_et_pb_use_builder":"","_et_pb_old_content":"","_et_gb_content_width":""},"product_brand":[28],"product_cat":[30,29],"product_tag":[],"class_list":{"0":"post-1395","1":"product","2":"type-product","3":"status-publish","4":"has-post-thumbnail","6":"product_brand-bonamark","7":"product_cat-carnes-frias","8":"product_cat-marcas-propias","10":"first","11":"instock","12":"shipping-taxable","13":"product-type-simple"},"_links":{"self":[{"href":"https:\/\/bara.com.mx\/index.php?rest_route=\/wp\/v2\/product\/1395","targetHints":{"allow":["GET"]}}],"collection":[{"href":"https:\/\/bara.com.mx\/index.php?rest_route=\/wp\/v2\/product"}],"about":[{"href":"https:\/\/bara.com.mx\/index.php?rest_route=\/wp\/v2\/types\/product"}],"replies":[{"embeddable":true,"href":"https:\/\/bara.com.mx\/index.php?rest_route=%2Fwp%2Fv2%2Fcomments&post=1395"}],"wp:featuredmedia":[{"embeddable":true,"href":"https:\/\/bara.com.mx\/index.php?rest_route=\/wp\/v2\/media\/1824"}],"wp:attachment":[{"href":"https:\/\/bara.com.mx\/index.php?rest_route=%2Fwp%2Fv2%2Fmedia&parent=1395"}],"wp:term":[{"taxonomy":"product_brand","embeddable":true,"href":"https:\/\/bara.com.mx\/index.php?rest_route=%2Fwp%2Fv2%2Fproduct_brand&post=1395"},{"taxonomy":"product_cat","embeddable":true,"href":"https:\/\/bara.com.mx\/index.php?rest_route=%2Fwp%2Fv2%2Fproduct_cat&post=1395"},{"taxonomy":"product_tag","embeddable":true,"href":"https:\/\/bara.com.mx\/index.php?rest_route=%2Fwp%2Fv2%2Fproduct_tag&post=1395"}],"curies":[{"name":"wp","href":"https:\/\/api.w.org\/{rel}","templated":true}]}}