{"id":1378,"date":"2025-07-07T17:21:16","date_gmt":"2025-07-07T22:21:16","guid":{"rendered":"https:\/\/bara.com.mx\/?post_type=product&#038;p=1378"},"modified":"2025-07-07T17:22:42","modified_gmt":"2025-07-07T22:22:42","slug":"pasta-para-sopa-spaghetti-siprecio-200-g","status":"publish","type":"product","link":"https:\/\/bara.com.mx\/?product=pasta-para-sopa-spaghetti-siprecio-200-g","title":{"rendered":"Pasta para sopa spaghetti S\u00edprecio 200 g"},"content":{"rendered":"","protected":false},"excerpt":{"rendered":"<h3><span style=\"color: #ff6600;\"><strong>Descripci\u00f3n del Producto:<\/strong><\/span><\/h3>\n<p>Nuestra variedad de pastas S\u00edprecio es una opci\u00f3n pr\u00e1ctica y econ\u00f3mica para tus comidas diarias. Con diferentes formatos para combinar con salsas y guarniciones, son perfectas para platillos f\u00e1ciles y llenos de sabor.<\/p>\n","protected":false},"featured_media":1284,"comment_status":"closed","ping_status":"closed","template":"","meta":{"_et_pb_use_builder":"","_et_pb_old_content":"","_et_gb_content_width":""},"product_brand":[37],"product_cat":[32,29],"product_tag":[],"class_list":{"0":"post-1378","1":"product","2":"type-product","3":"status-publish","4":"has-post-thumbnail","6":"product_brand-siprecio","7":"product_cat-comidas-del-hogar","8":"product_cat-marcas-propias","10":"first","11":"instock","12":"shipping-taxable","13":"product-type-simple"},"_links":{"self":[{"href":"https:\/\/bara.com.mx\/index.php?rest_route=\/wp\/v2\/product\/1378","targetHints":{"allow":["GET"]}}],"collection":[{"href":"https:\/\/bara.com.mx\/index.php?rest_route=\/wp\/v2\/product"}],"about":[{"href":"https:\/\/bara.com.mx\/index.php?rest_route=\/wp\/v2\/types\/product"}],"replies":[{"embeddable":true,"href":"https:\/\/bara.com.mx\/index.php?rest_route=%2Fwp%2Fv2%2Fcomments&post=1378"}],"wp:featuredmedia":[{"embeddable":true,"href":"https:\/\/bara.com.mx\/index.php?rest_route=\/wp\/v2\/media\/1284"}],"wp:attachment":[{"href":"https:\/\/bara.com.mx\/index.php?rest_route=%2Fwp%2Fv2%2Fmedia&parent=1378"}],"wp:term":[{"taxonomy":"product_brand","embeddable":true,"href":"https:\/\/bara.com.mx\/index.php?rest_route=%2Fwp%2Fv2%2Fproduct_brand&post=1378"},{"taxonomy":"product_cat","embeddable":true,"href":"https:\/\/bara.com.mx\/index.php?rest_route=%2Fwp%2Fv2%2Fproduct_cat&post=1378"},{"taxonomy":"product_tag","embeddable":true,"href":"https:\/\/bara.com.mx\/index.php?rest_route=%2Fwp%2Fv2%2Fproduct_tag&post=1378"}],"curies":[{"name":"wp","href":"https:\/\/api.w.org\/{rel}","templated":true}]}}