{"id":1362,"date":"2025-07-07T15:33:00","date_gmt":"2025-07-07T20:33:00","guid":{"rendered":"https:\/\/bara.com.mx\/?post_type=product&#038;p=1362"},"modified":"2025-07-07T15:36:45","modified_gmt":"2025-07-07T20:36:45","slug":"garbanzo-siprecio-500-g","status":"publish","type":"product","link":"https:\/\/bara.com.mx\/?product=garbanzo-siprecio-500-g","title":{"rendered":"Garbanzo S\u00edprecio 500 g"},"content":{"rendered":"","protected":false},"excerpt":{"rendered":"<h3><span style=\"color: #ff6600;\"><strong>Descripci\u00f3n del Producto:<\/strong><\/span><\/h3>\n<p>Nuestro garbanzo S\u00edprecio es un ingrediente nutritivo y vers\u00e1til para tus recetas. Ideal para preparar ensaladas, guisos o platillos tradicionales con un sabor aut\u00e9ntico y textura firme.<\/p>\n","protected":false},"featured_media":1267,"comment_status":"closed","ping_status":"closed","template":"","meta":{"_et_pb_use_builder":"","_et_pb_old_content":"","_et_gb_content_width":""},"product_brand":[37],"product_cat":[32,29],"product_tag":[],"class_list":{"0":"post-1362","1":"product","2":"type-product","3":"status-publish","4":"has-post-thumbnail","6":"product_brand-siprecio","7":"product_cat-comidas-del-hogar","8":"product_cat-marcas-propias","10":"first","11":"instock","12":"shipping-taxable","13":"product-type-simple"},"_links":{"self":[{"href":"https:\/\/bara.com.mx\/index.php?rest_route=\/wp\/v2\/product\/1362","targetHints":{"allow":["GET"]}}],"collection":[{"href":"https:\/\/bara.com.mx\/index.php?rest_route=\/wp\/v2\/product"}],"about":[{"href":"https:\/\/bara.com.mx\/index.php?rest_route=\/wp\/v2\/types\/product"}],"replies":[{"embeddable":true,"href":"https:\/\/bara.com.mx\/index.php?rest_route=%2Fwp%2Fv2%2Fcomments&post=1362"}],"wp:featuredmedia":[{"embeddable":true,"href":"https:\/\/bara.com.mx\/index.php?rest_route=\/wp\/v2\/media\/1267"}],"wp:attachment":[{"href":"https:\/\/bara.com.mx\/index.php?rest_route=%2Fwp%2Fv2%2Fmedia&parent=1362"}],"wp:term":[{"taxonomy":"product_brand","embeddable":true,"href":"https:\/\/bara.com.mx\/index.php?rest_route=%2Fwp%2Fv2%2Fproduct_brand&post=1362"},{"taxonomy":"product_cat","embeddable":true,"href":"https:\/\/bara.com.mx\/index.php?rest_route=%2Fwp%2Fv2%2Fproduct_cat&post=1362"},{"taxonomy":"product_tag","embeddable":true,"href":"https:\/\/bara.com.mx\/index.php?rest_route=%2Fwp%2Fv2%2Fproduct_tag&post=1362"}],"curies":[{"name":"wp","href":"https:\/\/api.w.org\/{rel}","templated":true}]}}