{"id":3440,"date":"2026-03-04T15:25:38","date_gmt":"2026-03-04T21:25:38","guid":{"rendered":"https:\/\/bara.com.mx\/?page_id=3440"},"modified":"2026-03-04T15:47:49","modified_gmt":"2026-03-04T21:47:49","slug":"aviso-de-privacidad-3-2","status":"publish","type":"page","link":"https:\/\/bara.com.mx\/?page_id=3440","title":{"rendered":"Aviso de Privacidad 3"},"content":{"rendered":"<p>[et_pb_section fb_built=\u00bb1&#8243; _builder_version=\u00bb4.27.4&#8243; _module_preset=\u00bbdefault\u00bb custom_padding=\u00bb0px||0px||true|false\u00bb da_disable_devices=\u00bboff|off|off\u00bb global_colors_info=\u00bb{}\u00bb da_is_popup=\u00bboff\u00bb da_exit_intent=\u00bboff\u00bb da_has_close=\u00bbon\u00bb da_alt_close=\u00bboff\u00bb da_dark_close=\u00bboff\u00bb da_not_modal=\u00bbon\u00bb da_is_singular=\u00bboff\u00bb da_with_loader=\u00bboff\u00bb da_has_shadow=\u00bbon\u00bb][et_pb_row _builder_version=\u00bb4.27.4&#8243; _module_preset=\u00bbdefault\u00bb global_colors_info=\u00bb{}\u00bb][et_pb_column type=\u00bb4_4&#8243; _builder_version=\u00bb4.27.4&#8243; _module_preset=\u00bbdefault\u00bb global_colors_info=\u00bb{}\u00bb][et_pb_text _builder_version=\u00bb4.27.4&#8243; _module_preset=\u00bbdefault\u00bb header_font=\u00bbOmnes Black||||||||\u00bb header_text_color=\u00bb#fd8204&#8243; header_font_size=\u00bb40px\u00bb header_line_height=\u00bb1.6em\u00bb text_orientation=\u00bbcenter\u00bb custom_margin=\u00bb||0px||false|false\u00bb global_colors_info=\u00bb{}\u00bb]<\/p>\n<h1 style=\"text-align: center;\">Aviso de Privacidad<\/h1>\n<p>[\/et_pb_text][et_pb_text _builder_version=\u00bb4.27.4&#8243; _module_preset=\u00bbdefault\u00bb text_font=\u00bbomnes-regular-webfont||||||||\u00bb text_text_color=\u00bb#343434&#8243; text_font_size=\u00bb17px\u00bb text_orientation=\u00bbjustified\u00bb hover_enabled=\u00bb0&#8243; global_colors_info=\u00bb{}\u00bb sticky_enabled=\u00bb0&#8243;]<\/p>\n<p style=\"text-align: center;\"><span style=\"font-size: x-large;\"><strong>AVISO DE PRIVACIDAD <\/strong><strong>INTEGRAL PARA EMPLEADOS<\/strong><\/span><\/p>\n<ol><\/ol>\n<p><strong>Identidad del Responsable<\/strong><\/p>\n<p>Cadena Comercial OXXO, S.A. de C.V., y Cadena de Descuento BARA, S.A.P.I. de C.V., con domicilio en calle Edison 1235 Norte, colonia Talleres en Monterrey, Nuevo Le\u00f3n, M\u00e9xico, C.P. 64480, podr\u00e1n conjunta o separadamente ser el (\u201c<u>Responsable<\/u>\u201d) del tratamiento de los datos personales, de acuerdo con quien usted formalice su relaci\u00f3n laboral.<\/p>\n<p><strong>Datos personales tratados por el Responsable<\/strong><\/p>\n<p>A fin de llevar a cabo la administraci\u00f3n de nuestro personal, recopilaremos datos personales que le identifiquen, puedan asociarse o vincularse razonablemente en forma directa o indirecta a usted (\u201c<u>Datos Personales<\/u>\u201d) que incluyen las siguientes categor\u00edas: datos de identificaci\u00f3n (incluida su imagen), datos de contacto, datos de ubicaci\u00f3n (para referirnos \u00fanicamente al domicilio que usted nos proporcione), datos laborales, datos acad\u00e9micos, datos de h\u00e1bitos e intereses de vida, datos biom\u00e9tricos, datos patrimoniales, datos de autentificaci\u00f3n (como lo es su firma aut\u00f3grafa y\/o electr\u00f3nica), datos migratorios (en caso de extranjeros o para trabajar en el extranjero), datos relacionados con sus preferencias personales. El Responsable podr\u00e1 tratar datos personales de identificaci\u00f3n relativos a terceras personas relacionadas con usted, como es el caso de sus familiares, incluyendo el tratamiento de los datos personales de menores y personas que usted se\u00f1ale como contacto en caso de emergencia o contacto adicional. Al facilitar dichos datos personales, usted reconoce haber informado a dicho tercero sobre su tratamiento y contar con su consentimiento necesario y en el caso de los mejores, usted otorga su consentimiento para el tratamiento de dichos datos. Cabe mencionar que el Responsable s\u00f3lo tratar\u00e1 estos datos personales para poder contactarlos en caso de emergencia, o bien, para brindarles los beneficios y prestaciones derivadas de la relaci\u00f3n laboral que tenemos con usted.<\/p>\n<p>Asimismo, le informamos que, se tratar\u00e1n datos personales sensibles relativos a su estado de salud presente\/\/o futuro, o bien, de sus familiares directos quienes son beneficiarios de los servicios de salud que el Responsable ofrece. Le informamos que el tratamiento de dichos datos es necesario para cumplir las obligaciones derivadas de la relaci\u00f3n jur\u00eddica entre usted y Responsable, incluyendo brindarle las facilidades que sean necesarias para que usted cuente con lo requerido para su seguridad y salud en el trabajo.<\/p>\n<p>El Responsable valora la diversidad, la equidad y la inclusi\u00f3n y para reflejar nuestro compromiso, podemos recopilar y procesar informaci\u00f3n sobre equidad y diversidad para apoyar nuestros programas internos, pero no procesaremos los datos personales que hayamos recopilado para fines diferentes o incompatibles.<\/p>\n<p>Los datos personales que recabamos de usted, los utilizaremos para las siguientes finalidades:<\/p>\n<p><strong>Finalidades primarias<\/strong><\/p>\n<p>El Responsable tratar\u00e1 sus datos personales para cumplir con las siguientes finalidades primarias y necesarias:<\/p>\n<ul>\n<li>Para la elaboraci\u00f3n de su expediente laboral y la creaci\u00f3n de un perfil de empleado para administrar su estancia laboral en Responsable;<\/li>\n<li>Para la creaci\u00f3n de accesos f\u00edsicos a nuestras instalaciones y para el acceso y autenticaci\u00f3n a nuestras herramientas y sistemas con motivo de sus funciones;<\/li>\n<li>Para asignarle los equipos del Responsable necesarios para brindar sus funciones, tales como computadora, tel\u00e9fono, coche, en caso de aplicar conforme a su puesto de trabajo;<\/li>\n<li>Para la realizaci\u00f3n de ex\u00e1menes m\u00e9dicos;<\/li>\n<li>Para la administraci\u00f3n de los servicios de n\u00f3mina, incluyendo sin limitar, el pago de su salario y dem\u00e1s prestaciones;<\/li>\n<li>Para brindarle el alta de seguros de usted y\/o de sus familiares tales como seguro de vida que el Responsable considere necesarios, as\u00ed como para el alta de seguros voluntarios que usted solicite de acuerdo con los convenios suscritos por Responsable o su matriz con las diferentes aseguradoras;<\/li>\n<li>Para la participaci\u00f3n de programas de prevenci\u00f3n de accidentes, nutrici\u00f3n, ayuda psicol\u00f3gica, ex\u00e1menes m\u00e9dicos;<\/li>\n<li>Para brindarle atenci\u00f3n medica en caso de emergencia y\/o en el supuesto de que usted as\u00ed lo solicite de forma voluntaria en alguno de nuestros consultorios propios o de los terceros con quienes tengamos convenios. Dichos datos sensibles \u00fanicamente ser\u00e1n accedidos y tratados por personal sanitario calificado para ello, mismo que se encuentra sujeto al deber de secreto profesional y m\u00e9dico y deber de confidencialidad respecto de su informaci\u00f3n personal.<\/li>\n<\/ul>\n<p>El Responsable podr\u00e1 tratar los datos personales necesarios para crear un expediente cl\u00ednico de forma f\u00edsica o electr\u00f3nica, seg\u00fan corresponda, en cumplimiento a lo previsto por la normatividad sanitaria aplicables;<\/p>\n<ul>\n<li>Para el manejo y\/u operaci\u00f3n del fondo de ahorro, caja de ahorro y las tarjetas de vales de despensa y dem\u00e1s beneficios o prestaciones ofrecidos por el Responsable o terceros con quien \u00e9ste tenga convenios de colaboraci\u00f3n;<\/li>\n<li>Para brindarle capacitaciones y\/o recomendarlo ante las instituciones educativas con quienes tengamos convenios;<\/li>\n<li>Para el cumplimiento de las disposiciones del contrato de trabajo que usted celebr\u00f3 con el Responsable y todas aquellas obligaciones que se hayan actualizado con motivo de sus promociones internas;<\/li>\n<li>Para la administraci\u00f3n, cobranza y procuraci\u00f3n de cr\u00e9ditos de n\u00f3mina y otros beneficios en efectivo y especie, apoyos educativos, becas, as\u00ed como actividades recreativas, culturales y deportivas;<\/li>\n<li>Para realizar tr\u00e1mites migratorios en caso de ser necesarios, as\u00ed como la renovaci\u00f3n de permisos;<\/li>\n<li>Para brindar recomendaciones de usted, as\u00ed como para expedir constancias laborales en caso de que as\u00ed lo solicite;<\/li>\n<li>Para la gesti\u00f3n, investigaci\u00f3n, atenci\u00f3n y seguimiento de denuncias que se reciban a trav\u00e9s de nuestro sistema de denuncias que versen sobre conductas que pudieran ser contrarias al c\u00f3digo de \u00e9tica o alguna de las pol\u00edticas internas y\/o del cumplimiento de la ley;<\/li>\n<li>Para el fomento y la mejora del entorno y clima organizacional, incluida la difusi\u00f3n de logros laborales, felicitaciones y dem\u00e1s celebraciones y d\u00edas especiales;<\/li>\n<li>Para participar en programas, iniciativas y din\u00e1micas, as\u00ed como para reclamar premios otorgados y promociones. Con frecuencia se toman fotograf\u00edas y videos en estos eventos, sin embargo, su participaci\u00f3n es totalmente voluntaria. Si est\u00e1 dispuesto a asistir y ser incluido en las fotos y los videos que se publicar\u00e1n de acuerdo con los objetivos del evento, su imagen podr\u00e1 ser incluida en las comunicaciones y publicaciones internas y en redes sociales;<\/li>\n<li>Para supervisi\u00f3n de los sistemas, seguridad e informaci\u00f3n, en la medida permitida por la legislaci\u00f3n aplicable, respecto el uso de los sistemas inform\u00e1ticos y herramientas de trabajo, utilizados y asignados a usted a fin de garantizar que estos son utilizados de forma l\u00edcita, adecuada y conforme a ley de manera segura.<\/li>\n<li>Para al t\u00e9rmino de la relaci\u00f3n laboral, realizar los tr\u00e1mites que sean necesarios para llevar a cabo la desvinculaci\u00f3n;<\/li>\n<li>Dar cumplimiento a las obligaciones previstas en la normatividad aplicable;<\/li>\n<li>Para proteger la seguridad de nuestros clientes, empleados, colaboradores, candidatos y socios comerciales, visitantes y nuestras instalaciones, el Responsable utiliza un sistema de Circuito Cerrado de Televisi\u00f3n (CCTV), insignias de seguridad (incluyendo identificaci\u00f3n con foto) y registros de entrada y salida para controlar los puntos de acceso a nuestras instalaciones, zona perimetral y sistemas. Sujeto a la legislaci\u00f3n laboral, tambi\u00e9n podr\u00e1 utilizarse la identificaci\u00f3n biom\u00e9trica cuando el nivel de riesgo justifique el control adicional;<\/li>\n<\/ul>\n<p>En caso de que usted sea contratado, el Responsable utilizar\u00e1 los datos personales que nos proporciona para crear su expediente laboral.<\/p>\n<p><strong>Finalidades secundarias<\/strong><\/p>\n<p>El Responsable conservar\u00e1 su informaci\u00f3n personal para las siguientes finalidades que no son necesarias para su proceso de reclutamiento y selecci\u00f3n, pero que en caso de que usted no se oponga, nos permitir\u00e1 mejorar nuestro proceso y brindar una mejor atenci\u00f3n:<\/p>\n<ul>\n<li>Su imagen personal (ya sea foto o video) podr\u00e1 ser utilizada para la elaboraci\u00f3n de material promocional o informativo;<\/li>\n<li>Dar referencias laborales conforme sea permitido por la legislaci\u00f3n aplicable.<\/li>\n<li>Contactarlo para enviarle comunicaciones a trav\u00e9s de correos electr\u00f3nicos, mensajes de comunicaci\u00f3n instant\u00e1nea, y dem\u00e1s medios de comunicaci\u00f3n f\u00edsicos y electr\u00f3nicos que contengan informaci\u00f3n con fines de mercadotecnia y publicidad;<\/li>\n<\/ul>\n<p>En caso de que usted no desee que sus datos personales sean tratados para alguna o todas las finalidades adicionales o secundarias, a partir de este momento puede comunicar lo anterior enviando un correo electr\u00f3nico a la direcci\u00f3n de correo incluido en el apartado \u201cSus derechos de Privacidad\u201d.<\/p>\n<p>La negativa para el uso de sus datos personales para estas finalidades no podr\u00e1 ser un motivo para que le neguemos los servicios y productos que solicita o contrata con nosotros.<\/p>\n<p><strong>Transferencias<\/strong><\/p>\n<p>El Responsable no vende sus datos personales ni los utiliza como parte de ning\u00fan programa de incentivos econ\u00f3mico. Con base en lo establecido en el art\u00edculo 37 de la Ley Federal de Protecci\u00f3n de Datos Personales en Posesi\u00f3n de Particulares, el Responsable podr\u00e1 compartir sus datos personales sin requerir de su consentimiento en los siguientes supuestos:<\/p>\n<ul>\n<li>A sociedades controladoras, subsidiarias o afiliadas bajo el control com\u00fan de Responsable, o a una sociedad matriz o cualquier sociedad del mismo grupo que opere bajo los mismos procesos y pol\u00edticas internas, para las finalidades informadas en el presente aviso;<\/li>\n<li>Aseguradoras y empresas para realizar las gestiones de seguros y\/o reembolsos correspondientes;<\/li>\n<li>Autoridades laborales y\/o otras aquellas autoridades competentes, para el cumplimiento de obligaciones informativas, de transparencia, seguridad y prevenci\u00f3n;<\/li>\n<li>Caja de ahorro institucional para la administraci\u00f3n de su ahorro;<\/li>\n<li>Proveedor(es) y\/o terceros con los que el Responsable tenga celebrados contratos y que sea necesarios para poder brindarle los beneficios y prestaciones derivadas del cumplimiento de nuestras obligaciones, as\u00ed como aquellos beneficios que usted, de manera voluntaria solicita con las empresas con quienes tengamos convenios;<\/li>\n<li>Empresas e Instituciones Educativas con quien el Responsable tenga celebrado un convenio, a fin de que usted reciba capacitaci\u00f3n;<\/li>\n<li>Empresas de traslado y viajes para coordinar los viajes que con motivo de sus funciones realice;<\/li>\n<li>Terceros para verificaci\u00f3n de antecedentes, seguridad y prevenci\u00f3n de fraudes;<\/li>\n<li>Instituciones bancarias para realizar los pagos correspondientes;<\/li>\n<li>Organismos p\u00fablicos del gobierno federal mexicano para realizar las gestiones necesarias;<\/li>\n<li>Terceros proveedores de servicios tecnol\u00f3gicos y software con los que tengamos acuerdos vinculantes jur\u00eddicos para que puedan gestionar sus privilegios de acceso, administraci\u00f3n y uso de herramientas tecnol\u00f3gicas y software para el cumplimiento de sus funciones laborales y\/o profesionales.<\/li>\n<\/ul>\n<p>Por otra parte, si usted lo solicita, o bien, no se opone, el Responsable podr\u00e1 transmitir sus datos personales a:<\/p>\n<ul>\n<li>Socios comerciales con los que tengamos celebrados acuerdos jur\u00eddicos vinculantes para que estos terceros puedan contactarle, identificar sus necesidades y ofrecerle bienes y\/o servicios que resulten acordes a su perfil;<\/li>\n<li>Instituciones escolares nacionales y extranjeras educativas y no educativas, a fin de brindarle beneficios preferenciales;<\/li>\n<\/ul>\n<p><strong>Almacenamiento de sus datos<\/strong><\/p>\n<p>Conservaremos sus datos personales el tiempo que sea necesario para los fines establecidos anteriormente, o durante el tiempo que exija la ley.<\/p>\n<p><strong>Sus derechos de privacidad, ejercicio de sus derechos ARCO y\/o revocaci\u00f3n de consentimiento<\/strong><\/p>\n<p>Usted o su representante legal podr\u00e1 ejercer cualquiera de los derechos de acceso, rectificaci\u00f3n, cancelaci\u00f3n u oposici\u00f3n (en lo sucesivo \u201cDerechos ARCO\u201d), as\u00ed como revocar y\/o limitar su consentimiento para el tratamiento de sus datos personales\u00a0<u>enviando un correo electr\u00f3nico<\/u>\u00a0a\u00a0<strong><u>atencionaclientes@bara.com.mx<\/u><\/strong>, o bien,\u00a0\u00a0<u>llamando <\/u>al tel\u00e9fono sin costo\u00a0<strong><u>477-714-90-90<\/u><\/strong>, en ambos casos, siguiendo el procedimiento, requisitos y plazos para el ejercicio de sus Derechos ARCO, revocaci\u00f3n y\/o limitaci\u00f3n del consentimiento que se indica a continuaci\u00f3n.<\/p>\n<p>Es importante que tenga en cuenta que no en todos los casos podremos cumplir su solicitud o concluir el uso de forma inmediata, ya que es posible que por alguna obligaci\u00f3n legal requiramos seguir tratando sus datos personales.<\/p>\n<p><strong>Procedimiento, requisitos y plazos para el ejercicio de sus Derechos ARCO y\/o revocaci\u00f3n del consentimiento<\/strong><\/p>\n<p>De conformidad con lo establecido en la Ley Federal de Protecci\u00f3n de Datos Personales en Posesi\u00f3n de Particulares, la solicitud deber\u00e1 contener y acompa\u00f1ar los siguientes requisitos:<\/p>\n<ul>\n<li>Nombre completo del titular, tel\u00e9fono y correo electr\u00f3nico para comunicarle la respuesta a su solicitud;<\/li>\n<li>Identificaci\u00f3n oficial (INE o Pasaporte) que acredite su identidad, o en su caso, la del representante legal del titular, junto con copia del documento que acredite su representaci\u00f3n legal.<\/li>\n<li>La descripci\u00f3n clara y precisa de los datos personales respecto de los que se busca ejercer alguno de los derechos antes mencionados, y<\/li>\n<li>Cualquier otro elemento o documento que facilite la localizaci\u00f3n de los datos.<\/li>\n<\/ul>\n<p>En caso de que no sea proporcionado alguno de los requisitos, el Responsable podr\u00e1 contactarlo a trav\u00e9s de los medios de contacto que usted haya proporcionado para tal efecto, a fin de solicitarle que en un plazo no mayor a 5 d\u00edas h\u00e1biles sea proporcionado el(los) requisito(s) que no se hayan proporcionado. Se entender\u00e1 como presentada la solicitud una vez que el titular haya proporcionado la totalidad de los requisitos.<\/p>\n<p>El Responsable comunicar\u00e1 al titular, en un plazo m\u00e1ximo de 20 (veinte) d\u00edas, contados desde la fecha en que se recibi\u00f3 la solicitud, cu\u00e1l es la determinaci\u00f3n adoptada, para que, en caso de ser procedente, se haga efectiva la misma dentro de los 15 (quince) d\u00edas siguientes a la fecha en que se le comunica la respuesta. Dichos plazos pudieran llegar a ser ampliados, en caso de que as\u00ed lo justifiquen las circunstancias del caso.<\/p>\n<p><strong>Opciones y medios para limitar el uso o divulgaci\u00f3n de sus Datos Personales<\/strong><\/p>\n<p>Si usted es usuario de las aplicaciones podr\u00e1 limitar el uso o divulgaci\u00f3n de sus datos personales, borrando su informaci\u00f3n de pago o informaci\u00f3n, configurando no recibir notificaciones de promociones, o bien, siguiendo las instrucciones para darse de baja del programa de lealtad.<\/p>\n<p>En todos los dem\u00e1s casos, usted podr\u00e1 limitar el uso o divulgaci\u00f3n de sus datos personales enviando una solicitud a\u00a0<strong>atencionaclientes@bara.com.mx<\/strong>.<\/p>\n<p><strong>Uso de cookies<\/strong><\/p>\n<p>El Responsable utiliza varias tecnolog\u00edas para mejorar la eficiencia de su aplicaci\u00f3n, incluyendo su experiencia cuando navega en esta. Las cookies son peque\u00f1as cantidades de informaci\u00f3n que se almacenan en el navegador utilizado por cada usuario para que el servidor recuerde cierta informaci\u00f3n que posteriormente pueda utilizar. Esta informaci\u00f3n permite identificarle y guardarle sus preferencias personales para brindarle una mejor experiencia en la navegaci\u00f3n.<\/p>\n<p>Le recordamos que usted puede desactivar, deshabilitar o ajustar el uso de cookies y otras tecnolog\u00edas siguiendo los procedimientos del dispositivo que utiliza.<\/p>\n<p><strong>Departamento de datos personales<\/strong><\/p>\n<p>Es importante hacer de su conocimiento que el Responsable cuenta con un Departamento de Datos Personales el cual, como parte de sus funciones, tiene la de resolver cualquier duda que usted pudiere tener relacionada con el uso de su informaci\u00f3n. Asimismo, el Departamento de Datos Personales dar\u00e1 seguimiento a cualquier queja o reclamaci\u00f3n que usted pudiere tener relacionada con el tratamiento de su informaci\u00f3n personal.<\/p>\n<p><strong>Cambios al Aviso de Privacidad<\/strong><\/p>\n<p>El Responsable se reserva el derecho, bajo su exclusiva discreci\u00f3n, de cambiar, modificar, agregar o eliminar partes del presente Aviso de Privacidad en cualquier momento, derivado de novedades legislativas, pol\u00edticas internas o nuevos requerimientos o modalidades para el ofrecimiento de nuestros servicios, el presente Aviso de Privacidad estar\u00e1 sujeto a modificaciones y\/o actualizaciones. En tal caso, el Responsable le informar\u00e1 los cambios mediante comunicado en la p\u00e1gina de internet oficial: <a href=\"https:\/\/bara.com.mx\/?page_id=794\">https:\/\/bara.com.mx\/?page_id=794<\/a>. Le recomendamos revisar peri\u00f3dicamente estas p\u00e1ginas para mantenerse informado sobre el tratamiento de sus datos.<\/p>\n<p><strong>Reconocimiento y consentimiento<\/strong><\/p>\n<p>Acuso de recibido el presente Aviso de Privacidad, estoy de acuerdo y otorgo mi consentimiento para el tratamiento de mis datos personales en los t\u00e9rminos aqu\u00ed se\u00f1alados.<\/p>\n<p>&nbsp;<\/p>\n<p>[\/et_pb_text][\/et_pb_column][\/et_pb_row][\/et_pb_section]<\/p>\n","protected":false},"excerpt":{"rendered":"<p>Aviso de PrivacidadAVISO DE PRIVACIDAD INTEGRAL PARA EMPLEADOS Identidad del Responsable Cadena Comercial OXXO, S.A. de C.V., y Cadena de Descuento BARA, S.A.P.I. de C.V., con domicilio en calle Edison 1235 Norte, colonia Talleres en Monterrey, Nuevo Le\u00f3n, M\u00e9xico, C.P. 64480, podr\u00e1n conjunta o separadamente ser el (\u201cResponsable\u201d) del tratamiento de los datos personales, de [&hellip;]<\/p>\n","protected":false},"author":3,"featured_media":0,"parent":0,"menu_order":0,"comment_status":"closed","ping_status":"closed","template":"","meta":{"_et_pb_use_builder":"on","_et_pb_old_content":"<!-- wp:divi\/placeholder \/-->","_et_gb_content_width":"","footnotes":""},"class_list":["post-3440","page","type-page","status-publish","hentry"],"_links":{"self":[{"href":"https:\/\/bara.com.mx\/index.php?rest_route=\/wp\/v2\/pages\/3440","targetHints":{"allow":["GET"]}}],"collection":[{"href":"https:\/\/bara.com.mx\/index.php?rest_route=\/wp\/v2\/pages"}],"about":[{"href":"https:\/\/bara.com.mx\/index.php?rest_route=\/wp\/v2\/types\/page"}],"author":[{"embeddable":true,"href":"https:\/\/bara.com.mx\/index.php?rest_route=\/wp\/v2\/users\/3"}],"replies":[{"embeddable":true,"href":"https:\/\/bara.com.mx\/index.php?rest_route=%2Fwp%2Fv2%2Fcomments&post=3440"}],"version-history":[{"count":4,"href":"https:\/\/bara.com.mx\/index.php?rest_route=\/wp\/v2\/pages\/3440\/revisions"}],"predecessor-version":[{"id":3458,"href":"https:\/\/bara.com.mx\/index.php?rest_route=\/wp\/v2\/pages\/3440\/revisions\/3458"}],"wp:attachment":[{"href":"https:\/\/bara.com.mx\/index.php?rest_route=%2Fwp%2Fv2%2Fmedia&parent=3440"}],"curies":[{"name":"wp","href":"https:\/\/api.w.org\/{rel}","templated":true}]}}