{"id":3438,"date":"2026-03-04T15:27:44","date_gmt":"2026-03-04T21:27:44","guid":{"rendered":"https:\/\/bara.com.mx\/?page_id=3438"},"modified":"2026-03-04T15:48:39","modified_gmt":"2026-03-04T21:48:39","slug":"aviso-de-privacidad-4","status":"publish","type":"page","link":"https:\/\/bara.com.mx\/?page_id=3438","title":{"rendered":"Aviso de Privacidad 4"},"content":{"rendered":"<p>[et_pb_section fb_built=\u00bb1&#8243; _builder_version=\u00bb4.27.4&#8243; _module_preset=\u00bbdefault\u00bb custom_padding=\u00bb0px||0px||true|false\u00bb da_disable_devices=\u00bboff|off|off\u00bb global_colors_info=\u00bb{}\u00bb da_is_popup=\u00bboff\u00bb da_exit_intent=\u00bboff\u00bb da_has_close=\u00bbon\u00bb da_alt_close=\u00bboff\u00bb da_dark_close=\u00bboff\u00bb da_not_modal=\u00bbon\u00bb da_is_singular=\u00bboff\u00bb da_with_loader=\u00bboff\u00bb da_has_shadow=\u00bbon\u00bb][et_pb_row _builder_version=\u00bb4.27.4&#8243; _module_preset=\u00bbdefault\u00bb global_colors_info=\u00bb{}\u00bb][et_pb_column type=\u00bb4_4&#8243; _builder_version=\u00bb4.27.4&#8243; _module_preset=\u00bbdefault\u00bb global_colors_info=\u00bb{}\u00bb][et_pb_text _builder_version=\u00bb4.27.4&#8243; _module_preset=\u00bbdefault\u00bb header_font=\u00bbOmnes Black||||||||\u00bb header_text_color=\u00bb#fd8204&#8243; header_font_size=\u00bb40px\u00bb header_line_height=\u00bb1.6em\u00bb text_orientation=\u00bbcenter\u00bb custom_margin=\u00bb||0px||false|false\u00bb global_colors_info=\u00bb{}\u00bb]<\/p>\n<h1 style=\"text-align: center;\">Aviso de Privacidad<\/h1>\n<p>[\/et_pb_text][et_pb_text _builder_version=\u00bb4.27.4&#8243; _module_preset=\u00bbdefault\u00bb text_font=\u00bbomnes-regular-webfont||||||||\u00bb text_text_color=\u00bb#343434&#8243; text_font_size=\u00bb17px\u00bb text_orientation=\u00bbjustified\u00bb global_colors_info=\u00bb{}\u00bb custom_padding=\u00bb0px|||||\u00bb]<\/p>\n<p style=\"text-align: center;\"><span style=\"font-size: x-large;\"><strong>AVISO DE PRIVACIDAD INTEGRAL PARA CANDIDATOS A EMPLEADOS<\/strong><\/span><\/p>\n<p><strong>RESPONSABLE DE LOS DATOS<\/strong><\/p>\n<p>Cadena Comercial OXXO, S.A. de C.V. \u00f3\u00a0 Cadena de Descuento BARA, S.A.P.I. de C.V., con domicilio en Edison 1235 Norte, colonia Talleres en Monterrey, Nuevo Le\u00f3n, M\u00e9xico, C.P. 64480, de acuerdo con este Aviso de Privacidad, la empresa que sea propietaria de la vacante en la que usted participe en su proceso de reclutamiento y, en caso de ser seleccionado, ser\u00e1 la empresa con quien usted llegue a formalizar una relaci\u00f3n laboral y ser\u00e1 considerada como el \u201cResponsable\u201d del tratamiento de sus datos personales, en cumplimiento con la Ley Federal de Protecci\u00f3n de Datos Personales en Posesi\u00f3n de Particulares. Por lo tanto, cualquier referencia al Responsable incluir\u00e1 \u00fanicamente a la empresa espec\u00edfica con la que usted tenga relaci\u00f3n y\/o con quien, en su caso, llegue a establecer alg\u00fan v\u00ednculo laboral.<\/p>\n<p>Es importante aclarar que el hecho de participar en el proceso de reclutamiento no garantiza que usted ser\u00e1 seleccionado para ocupar la vacante.<\/p>\n<p><strong>DATOS PERSONALES\u00a0<\/strong><\/p>\n<p>A fin de llevar a cabo el proceso de reclutamiento y selecci\u00f3n de empleados, recopilaremos datos personales que le identifiquen, puedan asociarse o vincularse razonablemente en forma directa o indirecta a usted (\u201c<u>Datos Personales<\/u>\u201d) que incluyen las siguientes categor\u00edas: datos de identificaci\u00f3n (incluida su imagen), datos de contacto, datos laborales, datos acad\u00e9micos, datos de h\u00e1bitos e intereses de vida, datos de ubicaci\u00f3n (para referirnos \u00fanicamente al domicilio que usted nos proporcione), datos biom\u00e9tricos (para recabar su firma digital electr\u00f3nica), datos financieros como lo es su expectativa econ\u00f3mica y, datos relacionados con sus preferencias personales. El Responsable podr\u00e1 tratar datos personales de identificaci\u00f3n relativos a terceras personas relacionadas con usted, como es el caso de las personas que usted se\u00f1ale como referencias laborales y\/o personales para contactarles y solicitar referencias sobre usted, o bien, contactarlos en caso de emergencia. Al facilitar dichos datos personales, usted reconoce haber informado a dicho tercero sobre su tratamiento y contar con su consentimiento necesario. S\u00f3lo trataremos sus datos para poder solicitar referencias sobre usted.<\/p>\n<p>Por la naturaleza de ciertos puestos, ser\u00e1 indispensable procesar datos personales sensibles relacionados con su salud. Adem\u00e1s, podremos manejar informaci\u00f3n sobre discapacidad para confirmar si requiere alg\u00fan tipo de asistencia, adaptaci\u00f3n o apoyo espec\u00edfico. Si usted nos proporciona voluntariamente datos sobre el g\u00e9nero con el que se identifica, ser\u00e1 \u00fanicamente para asegurar el respeto a su identidad, promover sus derechos de diversidad y garantizar la no discriminaci\u00f3n dentro del ambiente laboral. Le aseguramos que el tratamiento de esta informaci\u00f3n tendr\u00e1 como \u00fanico fin proporcionarle las condiciones, facilidades y apoyos necesarios para velar por su seguridad, bienestar e inclusi\u00f3n durante su experiencia.<\/p>\n<p>El Responsable est\u00e1 comprometido con la diversidad, la equidad y la inclusi\u00f3n; por ello, la informaci\u00f3n que usted nos pudiera llegar a compartir ser\u00e1 tratada para fortalecer nuestros programas internos. Bajo ninguna circunstancia utilizaremos los datos personales recabados para fines distintos o incompatibles con los aqu\u00ed se\u00f1alados.<\/p>\n<p>Los datos personales que recabamos de usted, los utilizaremos para las siguientes finalidades:<\/p>\n<p><strong>FINALIDADES DEL TRATAMIENTO<\/strong><\/p>\n<p><strong>Finalidades primarias:<\/strong>\u00a0Al proporcionarnos su informaci\u00f3n, los datos personales que recabamos ser\u00e1n utilizados para para cumplir con nuestras obligaciones legales, seg\u00fan lo siguiente:<\/p>\n<ul>\n<li>Para gestionar el registro y acceso al portal de reclutamiento.<\/li>\n<li>Para la administraci\u00f3n de su cuenta de usuario en nuestra bolsa de trabajo, as\u00ed como para la actualizar o modificar su perfil cuando sea necesario;<\/li>\n<li>Para realizarle entrevistas;<\/li>\n<li>Para elaboraci\u00f3n de perfiles individuales de candidatos para su participaci\u00f3n en procesos de reclutamiento y selecci\u00f3n de personal elegidos entre los puestos de trabajo vacantes;<\/li>\n<li>Para comunicarle sobre vacantes afines a su perfil, a fin de que pueda participar en el proceso de selecci\u00f3n de dicha vacante, incluyendo las vacantes de las empresas operativas y relacionadas con el grupo al que pertenece el Responsable;<\/li>\n<li>Para contactarle e informarle sobre el proceso de reclutamiento en el que est\u00e1 participando;<\/li>\n<li>Para verificar que usted cuenta con las habilidades y aptitudes para desempe\u00f1ar el puesto de trabajo de acuerdo con los requisitos del perfil del puesto;<\/li>\n<li>Para solicitar referencias laborales y\/o personales;<\/li>\n<li>Para la validaci\u00f3n de sus datos acad\u00e9micos y aptitudes para desempe\u00f1ar el puesto de trabajo, as\u00ed como sus conocimientos y habilidades;<\/li>\n<li>En su caso, para elaborarle una oferta econ\u00f3mica;<\/li>\n<li>Para gestionar su acceso a nuestras instalaciones, en caso de ser necesario;<\/li>\n<li>Para la elaboraci\u00f3n de perfiles para la conformaci\u00f3n de bases de datos con informaci\u00f3n agregada para su aprovechamiento anal\u00edtico y estad\u00edstico;<\/li>\n<li>Para la comunicaci\u00f3n de mejoras y cambios dentro de la operatividad y dise\u00f1o de nuestra Bolsa de Trabajo;<\/li>\n<li>Para mantener la seguridad f\u00edsica de nuestros clientes, personal, colaboradores, visitantes e instalaciones en caso de que usted acuda a entrevista.<\/li>\n<li>Para responder en caso de alguna emergencia.<\/li>\n<\/ul>\n<p>En caso de que usted sea contratado, el Responsable utilizar\u00e1 los datos personales que nos proporciona para crear su expediente laboral.<\/p>\n<p><strong>Finalidades secundarias<\/strong><\/p>\n<p>El Responsable conservar\u00e1 su informaci\u00f3n personal para las siguientes finalidades que no son necesarias para su proceso de reclutamiento y selecci\u00f3n, pero que en caso de que usted no se oponga, nos permitir\u00e1 mejorar nuestro proceso y brindar una mejor atenci\u00f3n:<\/p>\n<ul>\n<li>Contactarlo para invitarle a participar en encuestas y evaluar nuestro proceso;<\/li>\n<li>Contactarlo para enviarle comunicaciones a trav\u00e9s de correos electr\u00f3nicos, mensajes de comunicaci\u00f3n instant\u00e1nea, y dem\u00e1s medios de comunicaci\u00f3n f\u00edsicos y electr\u00f3nicos que contengan informaci\u00f3n con fines de mercadotecnia y publicidad;<\/li>\n<\/ul>\n<p>En caso de que usted no desee que sus datos personales sean tratados para alguna o todas las finalidades adicionales o secundarias, a partir de este momento puede comunicar lo anterior enviando un correo electr\u00f3nico a la direcci\u00f3n de correo incluido en el apartado \u201cSus derechos de Privacidad\u201d.<\/p>\n<p>La negativa para el uso de sus datos personales para estas finalidades no podr\u00e1 ser un motivo para que le neguemos los servicios y productos que solicita o contrata con nosotros.<\/p>\n<p><strong>TRANSFERENCIA DE DATOS<\/strong><\/p>\n<p><strong>Transferencias que no requieren su consentimiento:<\/strong><\/p>\n<p>El Responsable podr\u00e1 compartir sus datos personales sin requerir de su consentimiento en los siguientes supuestos:<\/p>\n<ul>\n<li>Terceros con los que el Responsable tenga una relaci\u00f3n jur\u00eddica y su transferencia sea necesaria para poder llevar a cabo el cumplimiento de las finalidades para las que fueron recabados los datos personales y usted pueda ser beneficiado.<\/li>\n<li>Proveedor(es) con los que el Responsable tenga celebrados contratos y que sea necesarios para poder llevar a cabo el proceso de reclutamiento y selecci\u00f3n, o bien, sea necesarios para poder brindarle los beneficios y prestaciones derivadas del cumplimiento de nuestras obligaciones;<\/li>\n<li>A entidades operativas y empresas relacionadas con el Responsable, o a una sociedad matriz o cualquier sociedad del mismo grupo que opere bajo los mismos procesos y pol\u00edticas internas, para las finalidades informadas en el presente aviso;<\/li>\n<li>Autoridades laborales y\/o otras aquellas autoridades competentes, para el cumplimiento de obligaciones informativas, de transparencia, seguridad y prevenci\u00f3n;<\/li>\n<li>Reclutadoras y terceras empresas por si existe una posibilidad de empleo que se ajuste a su perfil, ofrecerle oportunidades de trabajo<\/li>\n<\/ul>\n<p><strong>Almacenamiento de sus datos<\/strong><\/p>\n<p>Conservaremos sus datos personales el tiempo que sea necesario para los fines establecidos anteriormente. No obstante, usted tiene el derecho en cualquier momento de eliminar su cuenta dentro de la plataforma, o bien, solicitar ejercer sus derechos ARCO conforme a lo siguiente:<\/p>\n<p><strong>DERECHOS\u00a0ARCO<\/strong><\/p>\n<p>Usted o su representante legal podr\u00e1 ejercer en cualquier momento sus Derechos ARCO, con el fin de solicitar:<\/p>\n<p><strong>Acceso<\/strong>\u00a0a conocer qu\u00e9 datos personales tenemos de usted y c\u00f3mo los utilizamos.<\/p>\n<p><strong>Rectificaci\u00f3n<\/strong>\u00a0en caso de que sus datos sean inexactos o incompletos, o bien, usted requiera actualizarlos.<\/p>\n<p><strong>Cancelaci\u00f3n<\/strong>\u00a0para eliminar sus datos de nuestros registros, a partir de un bloqueo y su posterior supresi\u00f3n.<\/p>\n<p><strong>Oposici\u00f3n<\/strong>\u00a0para pedir el cese del tratamiento para fines espec\u00edficos (ejemplo, finalidades secundarias)<\/p>\n<p>Adicionalmente, usted podr\u00e1\u00a0<strong>Revocar\u00a0<\/strong>el consentimiento previamente otorgado (esto podr\u00eda afectar la continuidad del servicio solicitado al Responsable), o bien, podr\u00e1\u00a0<strong>Limitar su consentimiento<\/strong>\u00a0tal como lo establece la Ley.<\/p>\n<p>Es importante que tenga en cuenta que no en todos los casos podremos cumplir su solicitud o concluir el uso de forma inmediata, ya que es posible que por alguna obligaci\u00f3n legal requiramos seguir tratando sus datos personales.<\/p>\n<p><strong>\u00bfC\u00f3mo puede hacerlo?<\/strong><\/p>\n<p>Siguiendo el procedimiento, requisitos y plazos para el ejercicio de sus Derechos conforme lo establecido en la Ley Federal de Protecci\u00f3n de Datos Personales en Posesi\u00f3n de particulares.<\/p>\n<ol>\n<li>Llamando\u00a0al tel\u00e9fono sin costo\u00a0<u>477-714-90-90<\/u><strong>,\u00a0<\/strong>proporcionando nombre completo del titular, tel\u00e9fono y correo electr\u00f3nico <a href=\"mailto:atencionaclientes@bara.com.mx\">atencionaclientes@bara.com.mx<\/a> para comunicarle la respuesta a su solicitud;<\/li>\n<li>Enviando copia de la Identificaci\u00f3n oficial (INE o Pasaporte) que acredite su identidad, o en su caso, la del representante legal del titular, junto con copia del documento que acredite su representaci\u00f3n legal.<\/li>\n<li>Describiendo de forma clara y precisa los datos personales respecto de los que se busca ejercer alguno de los derechos antes mencionados, y cualquier otro elemento o documento que facilite la localizaci\u00f3n de los datos.<\/li>\n<\/ol>\n<p>Si alguno de los requisitos no ha sido cumplido, el Responsable podr\u00e1 comunicarse con usted por los medios de contacto que haya proporcionado, solicit\u00e1ndole que entregue la informaci\u00f3n faltante en un plazo m\u00e1ximo de 5 (cinco) d\u00edas h\u00e1biles. Si la informaci\u00f3n y\/o documentaci\u00f3n enviada resulta incompleta, incorrecta, insuficiente o no incluye los documentos necesarios para acreditar su identidad o representaci\u00f3n legal, se le pedir\u00e1 que subsane y corrija dichas deficiencias. Para atender este requerimiento, contar\u00e1 con un periodo de 10 (diez) d\u00edas h\u00e1biles; de no hacerlo en ese lapso, la solicitud se considerar\u00e1 como no presentada. La solicitud se tendr\u00e1 por formalmente recibida \u00fanicamente cuando se hayan cumplido todos los requisitos establecidos.<\/p>\n<p>El Responsable informar\u00e1 al titular, en un plazo m\u00e1ximo de 20 d\u00edas h\u00e1biles contados a partir de la recepci\u00f3n completa de la solicitud, la resoluci\u00f3n adoptada. En caso de que esta sea procedente, se implementar\u00e1 en un lapso de 15 d\u00edas h\u00e1biles posteriores a la comunicaci\u00f3n de la respuesta. Cabe mencionar que dichos plazos podr\u00edan ampliarse si las circunstancias del caso as\u00ed lo justifican.<\/p>\n<p><strong>COOKIES Y OTRAS TECNOLOG\u00cdAS<\/strong><\/p>\n<p>El Responsable utiliza varias tecnolog\u00edas para mejorar la eficiencia de su aplicaci\u00f3n, incluyendo su experiencia cuando navega en esta. Las cookies son peque\u00f1as cantidades de informaci\u00f3n que se almacenan en el navegador utilizado por cada usuario para que el servidor recuerde cierta informaci\u00f3n que posteriormente pueda utilizar. Esta informaci\u00f3n permite identificarle y guardarle sus preferencias personales para brindarle una mejor experiencia en la navegaci\u00f3n.<\/p>\n<p>Le recordamos que usted puede desactivar, deshabilitar o ajustar el uso de cookies y otras tecnolog\u00edas siguiendo los procedimientos del dispositivo que utiliza.<\/p>\n<p><strong>DEPARTAMENTO DE DATOS PERSONALES<\/strong><\/p>\n<p>Es importante hacer de su conocimiento que el Responsable cuenta con un Oficial de Datos Personales el cual, como parte de sus funciones, tiene la de resolver cualquier duda que usted pudiere tener relacionada con el uso de su informaci\u00f3n. Asimismo, el Oficial de Datos Personales dar\u00e1 seguimiento a cualquier queja o reclamaci\u00f3n que usted pudiere tener relacionada con el tratamiento de su informaci\u00f3n personal.<\/p>\n<p><strong>AUTORIDAD DE PROTECCI\u00d3N DE DATOS PERSONALES<\/strong><\/p>\n<p>Le informamos que tiene el derecho de acudir ante la Unidad de Protecci\u00f3n de Datos Personales de la Secretar\u00eda de Anticorrupci\u00f3n y buen Gobierno para hacer valer cualquier inconformidad relacionada con su derecho a la protecci\u00f3n de datos personales.<\/p>\n<p><strong>CAMBIOS Y ACTUALIZACIONES AL AVISO DE PRIVACIDAD<\/strong><\/p>\n<p>El Responsable puede actualizar o modificar este Aviso de Privacidad en cualquier momento, ya sea por cambios en la legislaci\u00f3n, ajustes en sus pol\u00edticas internas o nuevas necesidades para ofrecer sus servicios. En caso de realizar cambios, el Responsable lo informar\u00e1 a trav\u00e9s de su p\u00e1gina oficial: https:\/\/bara.com.mx\/?page_id=794, o en su aplicaci\u00f3n, indicando la fecha de la versi\u00f3n actualizada. Se recomienda revisar peri\u00f3dicamente estos medios para mantenerse informado sobre c\u00f3mo se manejan sus datos personales.<\/p>\n<p><em>Al utilizar proporcionar su informaci\u00f3n, usted acepta expresamente que ha le\u00eddo el presente Aviso de Privacidad y que el Responsable pueda llevar a cabo el tratamiento de sus datos personales para los fines aqu\u00ed descritos.<\/em><\/p>\n<p>&nbsp;<\/p>\n<p>\u00daltima actualizaci\u00f3n: Octubre 2025<\/p>\n<p>&nbsp;<\/p>\n<p>[\/et_pb_text][\/et_pb_column][\/et_pb_row][\/et_pb_section]<\/p>\n","protected":false},"excerpt":{"rendered":"<p>Aviso de PrivacidadAVISO DE PRIVACIDAD INTEGRAL PARA CANDIDATOS A EMPLEADOS RESPONSABLE DE LOS DATOS Cadena Comercial OXXO, S.A. de C.V. \u00f3\u00a0 Cadena de Descuento BARA, S.A.P.I. de C.V., con domicilio en Edison 1235 Norte, colonia Talleres en Monterrey, Nuevo Le\u00f3n, M\u00e9xico, C.P. 64480, de acuerdo con este Aviso de Privacidad, la empresa que sea propietaria [&hellip;]<\/p>\n","protected":false},"author":3,"featured_media":0,"parent":0,"menu_order":0,"comment_status":"closed","ping_status":"closed","template":"","meta":{"_et_pb_use_builder":"on","_et_pb_old_content":"<!-- wp:divi\/placeholder \/-->","_et_gb_content_width":"","footnotes":""},"class_list":["post-3438","page","type-page","status-publish","hentry"],"_links":{"self":[{"href":"https:\/\/bara.com.mx\/index.php?rest_route=\/wp\/v2\/pages\/3438","targetHints":{"allow":["GET"]}}],"collection":[{"href":"https:\/\/bara.com.mx\/index.php?rest_route=\/wp\/v2\/pages"}],"about":[{"href":"https:\/\/bara.com.mx\/index.php?rest_route=\/wp\/v2\/types\/page"}],"author":[{"embeddable":true,"href":"https:\/\/bara.com.mx\/index.php?rest_route=\/wp\/v2\/users\/3"}],"replies":[{"embeddable":true,"href":"https:\/\/bara.com.mx\/index.php?rest_route=%2Fwp%2Fv2%2Fcomments&post=3438"}],"version-history":[{"count":6,"href":"https:\/\/bara.com.mx\/index.php?rest_route=\/wp\/v2\/pages\/3438\/revisions"}],"predecessor-version":[{"id":3463,"href":"https:\/\/bara.com.mx\/index.php?rest_route=\/wp\/v2\/pages\/3438\/revisions\/3463"}],"wp:attachment":[{"href":"https:\/\/bara.com.mx\/index.php?rest_route=%2Fwp%2Fv2%2Fmedia&parent=3438"}],"curies":[{"name":"wp","href":"https:\/\/api.w.org\/{rel}","templated":true}]}}