{"id":3436,"date":"2026-03-04T15:15:28","date_gmt":"2026-03-04T21:15:28","guid":{"rendered":"https:\/\/bara.com.mx\/?page_id=3436"},"modified":"2026-03-04T15:47:53","modified_gmt":"2026-03-04T21:47:53","slug":"aviso-de-privacidad-3","status":"publish","type":"page","link":"https:\/\/bara.com.mx\/?page_id=3436","title":{"rendered":"Aviso de Privacidad 2"},"content":{"rendered":"<p>[et_pb_section fb_built=\u00bb1&#8243; _builder_version=\u00bb4.27.4&#8243; _module_preset=\u00bbdefault\u00bb custom_padding=\u00bb0px||0px||true|false\u00bb da_disable_devices=\u00bboff|off|off\u00bb global_colors_info=\u00bb{}\u00bb da_is_popup=\u00bboff\u00bb da_exit_intent=\u00bboff\u00bb da_has_close=\u00bbon\u00bb da_alt_close=\u00bboff\u00bb da_dark_close=\u00bboff\u00bb da_not_modal=\u00bbon\u00bb da_is_singular=\u00bboff\u00bb da_with_loader=\u00bboff\u00bb da_has_shadow=\u00bbon\u00bb][et_pb_row _builder_version=\u00bb4.27.4&#8243; _module_preset=\u00bbdefault\u00bb global_colors_info=\u00bb{}\u00bb][et_pb_column type=\u00bb4_4&#8243; _builder_version=\u00bb4.27.4&#8243; _module_preset=\u00bbdefault\u00bb global_colors_info=\u00bb{}\u00bb][et_pb_text _builder_version=\u00bb4.27.4&#8243; _module_preset=\u00bbdefault\u00bb header_font=\u00bbOmnes Black||||||||\u00bb header_text_color=\u00bb#fd8204&#8243; header_font_size=\u00bb40px\u00bb header_line_height=\u00bb1.6em\u00bb text_orientation=\u00bbcenter\u00bb custom_margin=\u00bb||0px||false|false\u00bb global_colors_info=\u00bb{}\u00bb]<\/p>\n<h1 style=\"text-align: center;\">Aviso\u00a0de Privacidad<\/h1>\n<p>[\/et_pb_text][et_pb_text _builder_version=\u00bb4.27.4&#8243; _module_preset=\u00bbdefault\u00bb text_font=\u00bbomnes-regular-webfont||||||||\u00bb text_text_color=\u00bb#343434&#8243; text_font_size=\u00bb17px\u00bb text_orientation=\u00bbjustified\u00bb global_colors_info=\u00bb{}\u00bb]<\/p>\n<p style=\"text-align: center;\"><strong><span style=\"font-size: x-large;\">AVISO DE PRIVACIDAD INTEGRAL PARA PROVEEDOR<\/span><\/strong><\/p>\n<p>&nbsp;<\/p>\n<table width=\"0\">\n<tbody>\n<tr>\n<td width=\"278\"><span>Cadena Comercial OXXO, S.A. de C.V. y Cadena de Descuento BARA, S.A.P.I. de C.V.<\/span><\/td>\n<td width=\"293\"><span>Servicios Comerciales OXXO, S.A de C.V.<\/span><\/td>\n<\/tr>\n<tr>\n<td width=\"278\">Son las empresas que comercializan, respectivamente, los bienes y servicios en las Tiendas BARA<\/td>\n<td width=\"293\">Es la empresa que cuenta con la licencia de transmisor de dinero y le permite ofrecer remesas<\/td>\n<\/tr>\n<\/tbody>\n<\/table>\n<p>&nbsp;<\/p>\n<p>Con domicilio en Edison 1235 Norte, colonia Talleres en Monterrey, Nuevo Le\u00f3n, M\u00e9xico, C.P. 64480. <span>Edison 1235 Norte, colonia Talleres en Monterrey, Nuevo Le\u00f3n, M\u00e9xico, C.P. 64480, conjuntamente forman \u201cBARA\u201d.<\/span><\/p>\n<p>El Responsable recopila datos que permiten identificarle de forma directa e indirecta. Esto puede ocurrir de diversas maneras:<\/p>\n<ul>\n<li>Cuando se lleva a cabo la contrataci\u00f3n de productos y servicios;<\/li>\n<li>Al navegar en nuestro portal web;<\/li>\n<li>Nos contacta a trav\u00e9s de nuestros canales de comunicaci\u00f3n;<\/li>\n<li>Cuando obtenemos datos a trav\u00e9s de fuentes p\u00fablicas de acceso permitido.<\/li>\n<\/ul>\n<p>&nbsp;<\/p>\n<p>Estos datos e informaci\u00f3n, que pueden vincularse directa o indirectamente con usted, constituyen sus \u201cDatos Personales\u201d e incluyen las siguientes categor\u00edas:<\/p>\n<p>&nbsp;<\/p>\n<table>\n<tbody>\n<tr>\n<td width=\"283\"><span>Datos de car\u00e1cter personal -generales-:<\/span><\/td>\n<td width=\"305\"><span>Informaci\u00f3n:<\/span><\/td>\n<\/tr>\n<tr>\n<td width=\"283\">\n<p><span>\u00b7\u00a0\u00a0\u00a0\u00a0\u00a0\u00a0\u00a0\u00a0 <\/span><span>Datos identificativos\u00a0 <\/span><\/p>\n<p><span>\u00b7\u00a0\u00a0\u00a0\u00a0\u00a0\u00a0\u00a0\u00a0 <\/span><span>Datos de contacto <\/span><\/p>\n<\/td>\n<td rowspan=\"3\" width=\"305\">\n<p><span>\u00b7\u00a0\u00a0\u00a0\u00a0\u00a0\u00a0\u00a0\u00a0 <\/span><span>Datos financieros y patrimoniales<\/span><\/p>\n<p><span>\u00b7\u00a0\u00a0\u00a0\u00a0\u00a0\u00a0\u00a0\u00a0 <\/span><span>Datos de autentificaci\u00f3n <\/span><\/p>\n<p><span>\u00b7\u00a0\u00a0\u00a0\u00a0\u00a0\u00a0\u00a0\u00a0 <\/span><span>De caracter\u00edsticas t\u00e9cnicas y operativas de sus dispositivos m\u00f3viles <\/span><\/p>\n<p><span>\u00b7\u00a0\u00a0\u00a0\u00a0\u00a0\u00a0\u00a0\u00a0 <\/span><span>Datos de informaci\u00f3n comercial<\/span><\/p>\n<p><span>\u00b7\u00a0\u00a0\u00a0\u00a0\u00a0\u00a0\u00a0\u00a0 <\/span><span>Datos transaccionales<\/span><\/p>\n<p><span>\u00b7\u00a0\u00a0\u00a0\u00a0\u00a0\u00a0\u00a0\u00a0 <\/span><span>Datos acad\u00e9micos y laborales<\/span><\/p>\n<p><span>\u00a0<\/span><\/p>\n<\/td>\n<\/tr>\n<tr>\n<td width=\"283\"><span>Localizaci\u00f3n o geolocalizaci\u00f3n:<\/span><\/td>\n<\/tr>\n<tr>\n<td width=\"283\">\n<p><span>\u00b7\u00a0\u00a0\u00a0\u00a0\u00a0\u00a0\u00a0\u00a0 <\/span><span>Datos de ubicaci\u00f3n (incluyendo geolocalizaci\u00f3n)<\/span><\/p>\n<p><span>\u00b7\u00a0\u00a0\u00a0\u00a0\u00a0\u00a0\u00a0\u00a0 <\/span><span>Direcci\u00f3n IP<\/span><\/p>\n<p><span>\u00b7\u00a0\u00a0\u00a0\u00a0\u00a0\u00a0\u00a0\u00a0 <\/span><span>Datos demogr\u00e1ficos<\/span><\/p>\n<\/td>\n<\/tr>\n<tr>\n<td width=\"283\"><span>Caracter\u00edsticas:<\/span><\/td>\n<td width=\"305\"><span>Navegaci\u00f3n:<\/span><\/td>\n<\/tr>\n<tr>\n<td width=\"283\">\n<p><span>\u00b7\u00a0\u00a0\u00a0\u00a0\u00a0\u00a0\u00a0\u00a0 <\/span><span>Imagen personal<\/span><\/p>\n<p><span>\u00b7\u00a0\u00a0\u00a0\u00a0\u00a0\u00a0\u00a0\u00a0 <\/span><span>Informaci\u00f3n que usted nos proporcione voluntariamente durante la atenci\u00f3n de quejas, solicitudes o reclamaciones.<\/span><\/p>\n<p><span>\u00a0<\/span><\/p>\n<\/td>\n<td width=\"305\">\n<p><span>\u00b7\u00a0\u00a0\u00a0\u00a0\u00a0\u00a0\u00a0\u00a0 <\/span><span>Navegaci\u00f3n y datos sobre el uso y consumo de los servicios de internet desde si dispositivo.<\/span><\/p>\n<p><span>\u00b7\u00a0\u00a0\u00a0\u00a0\u00a0\u00a0\u00a0\u00a0 <\/span><span>Dominio y sello de tiempo de los sitios web visitados (registro de tr\u00e1fico) y caracter\u00edsticas operativas.<\/span><\/p>\n<p><span>\u00a0<\/span><\/p>\n<\/td>\n<\/tr>\n<\/tbody>\n<\/table>\n<p><span><em>Si usted nos contacta, o bien, nos etiqueta y\/o se registra a trav\u00e9s de nuestras redes sociales, tambi\u00e9n podremos obtener y tratar dichos datos.<\/em><\/span><\/p>\n<p><span>El Responsable podr\u00e1 tratar datos personales de identificaci\u00f3n relativos a terceras personas relacionadas con usted, como es el caso de las personas que usted se\u00f1ale como referencias personales y\/o informaci\u00f3n de contacto. Al facilitar dichos datos personales, usted reconoce haber informado a dicho tercero sobre su tratamiento y contar con su respectivo consentimiento. <\/span><\/p>\n<p>Asimismo, le informamos que, en aquellos casos en que la naturaleza del servicio lo requiera, el Responsable podr\u00e1 realizar ex\u00e1menes aleatorios destinados a verificar que usted no se encuentre bajo los efectos de sustancias il\u00edcitas. En consecuencia, se podr\u00e1 llevar a cabo el tratamiento a datos personales sensibles relacionados con su estado de salud, siempre bajo estrictas medidas de confidencialidad y seguridad.<\/p>\n<p>De igual forma, podemos tratar informaci\u00f3n referente a discapacidad, exclusivamente con el prop\u00f3sito de identificar si es necesario proporcionarle asistencia, adaptaciones o apoyos espec\u00edficos que garanticen su integridad y seguridad en nuestras instalaciones.<\/p>\n<p>El tratamiento de estos datos personales sensibles es indispensable para cumplir las obligaciones legales y contractuales derivadas de la relaci\u00f3n jur\u00eddica entre usted y Responsable, as\u00ed como para asegurar que cuente con las condiciones necesarias para su seguridad.<\/p>\n<p><span><strong>Finalidades primarias:<\/strong><\/span><span> Los datos personales que recabamos de usted los utilizaremos para para cumplir con nuestras obligaciones legales, seg\u00fan lo siguiente:<\/span><\/p>\n<p><span>\u00a0<\/span><\/p>\n<ul>\n<li>Poder llevar a cabo una solicitud de informaci\u00f3n (RFI por sus siglas en ingl\u00e9s), solicitud de presupuesto (RFP) o una solicitud de propuesta (RFP por sus siglas en ingl\u00e9s), respecto de los productos y\/o servicios que usted comercializa con el fin de evaluar la posibilidad de contratarlo como proveedor con base en nuestro proceso de licitaci\u00f3n y selecci\u00f3n de proveedor;<\/li>\n<li><span> <\/span><span>Contactarle por tel\u00e9fono, correo electr\u00f3nico o cualquier medio de comunicaci\u00f3n que usted nos haya proporcionado, para solicitar informaci\u00f3n adicional, coordinar tr\u00e1mites relacionados con los productos o servicios que usted ofrece, y mantenerle informado sobre el estatus de sus tr\u00e1mites, solicitudes y operaciones;<\/span><\/li>\n<li><span> <\/span><span>Verificar la informaci\u00f3n proporcionada por usted, as\u00ed como su situaci\u00f3n financiera y crediticia y las referencias comerciales que usted nos proporcione y, en su caso, validar su identidad, o bien, la personalidad con la que comparece a celebrar un contrato con nosotros;<\/span><\/li>\n<li><span> <\/span><span>Negociar, elaborar y formalizar propuestas comerciales, contratos, convenios, acuerdos de relacionados con los bienes y servicios que comercializa;<\/span><\/li>\n<li>Asegurar que cuente con los requisitos legales para prestar un servicio o proporcionar sus productos, verificar que se encuentre capacitado, o bien, cuente con las autorizaciones y\/o licencias que se requieran seg\u00fan sea el caso, evaluar la posibilidad de contratarlo como proveedor con base en nuestro proceso de licitaci\u00f3n y seleccionar de proveedor;<\/li>\n<li><span> <\/span><span>Emitir y enviar \u00f3rdenes de compra, as\u00ed como gestionar la recepci\u00f3n, gesti\u00f3n, validaci\u00f3n y pago de facturas y notas de cr\u00e9dito conforme a la normativa vigente;<\/span><\/li>\n<li><span> <\/span><span>Registrar, gestionar su acceso en los portales de proveedores y de pagos (en caso de aplicar), as\u00ed como para validar y generar los pagos correspondientes, y cumplir con las obligaciones contractuales, legales, fiscales y de prevenci\u00f3n de lavado de dinero;<\/span><\/li>\n<li><span> <\/span><span>Coordinar la log\u00edstica y control de entregas, recepci\u00f3n y devoluciones para la adquisici\u00f3n y recepci\u00f3n de bienes, productos y\/o servicios contratados;<\/span><\/li>\n<li>Atender sus quejas, aclaraciones, sugerencias, felicitaciones y canalizarlo con las \u00e1reas correspondientes para su seguimiento;<\/li>\n<li>En caso de aplicar, certificarlo como prestador de servicios siempre y cuando cumpla con los requisitos establecidos en nuestros programas internos;<\/li>\n<li>Gesti\u00f3n, control y administrador de evaluaciones de calidad de servicios y\/o productos conforme a los procedimientos establecidos por el Responsable;<\/li>\n<li>Realizar encuestas de satisfacci\u00f3n, estudios de mercado y an\u00e1lisis estad\u00edsticos para evaluar y mejorar la calidad de nuestros procesos y atenci\u00f3n a clientes;<\/li>\n<li>Monitorear, mantener la seguridad de nuestras plataformas, monitorear y auditar actividades para detectar conductas irregulares, cumplir con auditor\u00edas internas y externas, as\u00ed como en cumplimiento con nuestros lineamientos internos, c\u00f3digo de \u00e9tica y leyes aplicables;<\/li>\n<li>Facilitarle servicios complementarios y ofrecerle productos y servicios de aliados comerciales, como seguros, cr\u00e9ditos o servicios, facilitando su contrataci\u00f3n en caso de que usted as\u00ed lo solicite;<\/li>\n<li>Brindarles acceso a nuestras instalaciones en caso de aplicar;<\/li>\n<li>Gestionar garant\u00edas, reclamaciones y\/o cambios respecto de productos y servicios cuando resulte necesario y sea procedente;<\/li>\n<li>En caso de que usted as\u00ed lo solicite, brindar referencias respecto de sus productos y\/o servicios;<\/li>\n<li>Prevenir conflictos de inter\u00e9s y asegurar el cumplimiento del C\u00f3digo de \u00e9tica y pol\u00edticas internas;<\/li>\n<li>Revisar y dar seguimiento a las listas de personas sancionadas a nivel internacional, asegurando el cumplimiento de la legislaci\u00f3n vigente y observando <span>la Ley Federal para la Prevenci\u00f3n e Identificaci\u00f3n de Operaciones con Recursos de Procedencia Il\u00edcita, as\u00ed como dem\u00e1s disposiciones aplicables;<\/span><\/li>\n<li>Para proteger la seguridad de nuestros clientes, empleados, colaboradores, socios comerciales y visitantes y nuestras instalaciones, el Responsable utiliza un sistema de Circuito Cerrado de Televisi\u00f3n (CCTV) y registros de entrada y salida para controlar los puntos de acceso a nuestras instalaciones;<\/li>\n<\/ul>\n<p><span><strong>Finalidades secundarias: <\/strong>El <\/span>Responsable<span> conservar\u00e1 sus datos personales para las siguientes finalidades que no son necesarias para cumplir con nuestras obligaciones que surgen al momento de la formalizaci\u00f3n de acuerdos, pero que en caso de que usted no se oponga, nos permita mejorar su experiencia y brindarle una atenci\u00f3n m\u00e1s personalizada. Usted podr\u00e1 manifestar su negativa a estas finalidades a trav\u00e9s de los medios previstos en nuestro Aviso de Privacidad:<\/span><\/p>\n<table>\n<tbody>\n<tr>\n<td width=\"589\"><span>Uso promocional y de marketing:<\/span><\/td>\n<\/tr>\n<tr>\n<td width=\"589\">\n<p><span>\u00b7\u00a0\u00a0\u00a0\u00a0\u00a0\u00a0\u00a0\u00a0 <\/span><span>Recordar su informaci\u00f3n para realizar contactos posteriores en caso de que tengamos una necesidad u oferta que se ajuste a sus intereses;<\/span><\/p>\n<p><span>\u00b7\u00a0\u00a0\u00a0\u00a0\u00a0\u00a0\u00a0\u00a0 <\/span><span>Contactarlo y enviarle informaci\u00f3n de car\u00e1cter publicitario, promocional y\/o informativo y prospecci\u00f3n comercial de car\u00e1cter personalizada sobre promociones, lanzamientos de productos, descuentos, cupones, ofertas, productos y\/o servicios, incluyendo campa\u00f1as financieras y de cr\u00e9dito. Dicha comunicaci\u00f3n podr\u00e1 ser realizada por el <\/span>Responsable <span>o por nuestros socios comerciales, a trav\u00e9s de los medios de contacto que usted nos haya proporcionado -incluyendo env\u00edo de correos electr\u00f3nicos, mensajes SMS, llamadas telef\u00f3nicas, mensajer\u00eda instant\u00e1nea tipo WhatsApp-;<\/span><\/p>\n<p><span>\u00b7\u00a0\u00a0\u00a0\u00a0\u00a0\u00a0\u00a0\u00a0 <\/span><span>Facilitarle el acceso y la contrataci\u00f3n de productos, bienes o servicios proporcionados por terceros con los que el <\/span>Responsable <span>mantenga relaciones contractuales celebradas en beneficio de usted;<\/span><\/p>\n<\/td>\n<\/tr>\n<\/tbody>\n<\/table>\n<p>Recuerde que Usted puede, en todo momento, limitar el uso de sus datos personales ejerciendo sus derechos ARCO.<\/p>\n<p><span><strong>Transferencias que no requieren su consentimiento:<\/strong><\/span><\/p>\n<p><span>El Responsable podr\u00e1 compartir sus datos personales sin requerir de su consentimiento en los siguientes supuestos:<\/span><\/p>\n<ul>\n<li><span> <\/span><span>Terceros con los que el Responsable tenga una relaci\u00f3n jur\u00eddica y su transferencia sea necesaria para poder llevar a cabo el cumplimiento de las finalidades para las que fueron recabados los datos personales y usted pueda ser beneficiado. <\/span><\/li>\n<li><span> <\/span><span>A sociedades controladoras, subsidiarias o afiliadas bajo el control com\u00fan del Responsable, o a una sociedad matriz o cualquier sociedad del mismo grupo empresarial al que el Responsable pertenece que opere bajo los mismos procesos y pol\u00edticas internas de privacidad. <\/span><\/li>\n<li><span> <\/span><span>Autoridades competentes, para el cumplimiento de obligaciones legales, informativas, de transparencia, seguridad y prevenci\u00f3n;<\/span><\/li>\n<\/ul>\n<p><span><strong>Transferencias para las que requerimos su consentimiento:<\/strong><\/span><\/p>\n<p><span>Cuando usted nos proporcione su <strong>consentimiento expreso<\/strong>, el Responsable podr\u00e1 transferir sus datos personales en los siguientes supuestos:<\/span><\/p>\n<ul>\n<li><span> <\/span><span>Podremos compartir con socios comerciales o proveedores con quienes tengamos celebrados convenios, sus datos personales, incluyendo su perfil transaccional para que dichos terceros puedan: (i) evaluarle conforme a sus propios procedimientos internos a fin de determinar la idoneidad de ofrecerle productos, servicios y\/o cr\u00e9ditos; y (ii) contactarle directamente para enviarle informaci\u00f3n publicitaria, promocional y\/o informativa sobre bienes o servicios que puedan ser de su inter\u00e9s, incluyendo programas de lealtad, membres\u00edas, medios de pago u otros servicios relacionados.<\/span><\/li>\n<li><span> <\/span><span>Para compartir con dichos terceros su perfil, con el fin de crear audiencias, segmentar mercados y permitirles realizar an\u00e1lisis comerciales, publicitarios o de afinidad de productos o servicios, incluyendo el env\u00edo de comunicaciones promocionales.<\/span><\/li>\n<\/ul>\n<p><span>\u00a0<\/span><\/p>\n<p>Al transferir sus datos, los terceros receptores asumen el rol de \u201cResponsables\u201d conforme a la Ley, por lo que, si desean usarlos para fines distintos a los aqu\u00ed se\u00f1alados, o bien, obtener datos adicionales, deber\u00e1n obtener previamente su consentimiento. Dichos terceros deber\u00e1n implementar las medidas de seguridad acordes con las finalidades informadas en este Aviso de Privacidad y la legislaci\u00f3n aplicable. Al aceptar este Aviso, usted otorga su consentimiento para la transferencia de sus Datos Personales conforme lo previamente informado.<\/p>\n<p><span>Considere que usted podr\u00e1 limitar o revocar el consentimiento en cualquier momento, ejerciendo sus derechos ARCO, conforme a lo siguiente:<\/span><\/p>\n<p><span>Usted o su representante legal podr\u00e1 ejercer en cualquier momento sus Derechos ARCO:<\/span><\/p>\n<p><span><strong>Acceso<\/strong><\/span><span> a conocer qu\u00e9 datos personales tenemos de usted y c\u00f3mo los utilizamos.<\/span><\/p>\n<p><span><strong>Rectificaci\u00f3n<\/strong><\/span><span> en caso de que sus datos sean inexactos o incompletos, o bien, usted requiera actualizarlos. <\/span><\/p>\n<p><span><strong>Cancelaci\u00f3n<\/strong><\/span><span> para eliminar sus datos de nuestros registros, a partir de un bloqueo y su posterior supresi\u00f3n.<\/span><\/p>\n<p><span><strong>Oposici\u00f3n<\/strong><\/span><span> para pedir el cese del tratamiento para fines espec\u00edficos (ejemplo, finalidades secundarias)<\/span><\/p>\n<p><span>Adicionalmente, usted podr\u00e1 <strong>Revocar <\/strong>el consentimiento previamente otorgado (esto podr\u00eda afectar la continuidad del servicio brindado al Responsable), o bien, podr\u00e1 <strong>Limitar su consentimiento<\/strong> tal como lo establece la Ley.<\/span><\/p>\n<p><span>Es importante que tenga en cuenta que no en todos los casos podremos cumplir su solicitud o concluir el uso de forma inmediata, ya que es posible que por alguna obligaci\u00f3n legal requiramos seguir tratando sus datos personales.<\/span><\/p>\n<p><span><strong>\u00bfC\u00f3mo puede hacerlo?<\/strong><\/span><\/p>\n<p><span>Siguiendo el procedimiento, requisitos y plazos para el ejercicio de sus Derechos conforme lo establecido en la Ley Federal de Protecci\u00f3n de Datos Personales en Posesi\u00f3n de particulares.<\/span><\/p>\n<ol>\n<li><span> <\/span><span><u>Llamando a Atenci\u00f3n a Clientes BARA<\/u><\/span><span> al tel\u00e9fono sin costo <\/span><strong>477-714-90-90 <\/strong><span>o por medio del correo electr\u00f3nico <strong>atencionaclientes@bara.com.mx, <\/strong>proporcionando nombre completo del titular, tel\u00e9fono y correo electr\u00f3nico para comunicarle la respuesta a su solicitud;<\/span><\/li>\n<li><span> <\/span><span>Enviando copia de la Identificaci\u00f3n oficial (INE o Pasaporte) que acredite su identidad, o en su caso, la del representante legal del titular, junto con copia del documento que acredite su representaci\u00f3n legal.<\/span><\/li>\n<li><span> <\/span><span>Describiendo de forma clara y precisa los datos personales respecto de los que se busca ejercer alguno de los derechos antes mencionados, y cualquier otro elemento o documento que facilite la localizaci\u00f3n de los datos.<\/span><\/li>\n<\/ol>\n<p>En caso de que falte alguno de los requisitos, el Responsable podr\u00e1 contactarlo a trav\u00e9s de los medios que usted haya proporcionado para solicitar que, en un plazo no mayor a 5 d\u00edas h\u00e1biles, entregue la informaci\u00f3n faltante. La solicitud se considerar\u00e1 formalmente presentada una vez que se hayan cumplido todos los requisitos.<\/p>\n<p>El Responsable informar\u00e1 al titular, en un plazo m\u00e1ximo de 20 d\u00edas h\u00e1biles contados a partir de la recepci\u00f3n completa de la solicitud, la resoluci\u00f3n adoptada. En caso de que esta sea procedente, se implementar\u00e1 en un lapso de 15 d\u00edas h\u00e1biles posteriores a la comunicaci\u00f3n de la respuesta. Cabe mencionar que dichos plazos podr\u00edan ampliarse si las circunstancias del caso as\u00ed lo justifican.<\/p>\n<p>El Responsable<span> utiliza varias tecnolog\u00edas para mejorar la eficiencia de su p\u00e1gina web, incluyendo su experiencia cuando navega en esta. Las cookies son peque\u00f1as cantidades de informaci\u00f3n que se almacenan en el navegador utilizado por cada usuario para que el servidor recuerde cierta informaci\u00f3n que posteriormente pueda utilizar. Esta informaci\u00f3n permite identificarle y guardarle sus preferencias personales para brindarle una mejor experiencia en la navegaci\u00f3n.<\/span><\/p>\n<p><span>Le recordamos que usted puede desactivar, deshabilitar o ajustar el uso de cookies y otras tecnolog\u00edas siguiendo los procedimientos del dispositivo que utiliza.<\/span><\/p>\n<p><span>Es importante hacer de su conocimiento que <\/span>el Responsable <span>cuenta con un Oficial de Datos Personales el cual, como parte de sus funciones, tiene la de resolver cualquier duda que usted pudiere tener relacionada con el uso de su informaci\u00f3n. Asimismo, el Oficial de Datos Personales dar\u00e1 seguimiento a cualquier queja o reclamaci\u00f3n que usted pudiere tener relacionada con el tratamiento de su informaci\u00f3n personal.<\/span><\/p>\n<p><span>Le informamos que tiene el derecho de acudir ante la Unidad de Protecci\u00f3n de Datos Personales de la Secretar\u00eda de Anticorrupci\u00f3n y buen Gobierno para hacer valer cualquier inconformidad relacionada con su derecho a la protecci\u00f3n de datos personales. <\/span><\/p>\n<p>El Responsable puede actualizar o modificar este Aviso de Privacidad en cualquier momento, ya sea por cambios en la legislaci\u00f3n, ajustes en sus pol\u00edticas internas o nuevas necesidades para ofrecer sus servicios. En caso de realizar cambios, el Responsable lo informar\u00e1 a trav\u00e9s de su p\u00e1gina oficial: https:\/\/www.ganacontuinmueble.com\/inicio, indicando la fecha de la versi\u00f3n actualizada. Se recomienda revisar peri\u00f3dicamente estos medios para mantenerse informado sobre c\u00f3mo se manejan sus datos personales.<\/p>\n<p><em>Al utilizar nuestros servicios usted acepta expresamente que ha le\u00eddo el presente Aviso de Privacidad y que el Responsable pueda llevar a cabo el tratamiento de sus datos personales para los fines aqu\u00ed descritos.<\/em><\/p>\n<p>\u00daltima actualizaci\u00f3n: octubre 2025<\/p>\n<p>&nbsp;<\/p>\n<p>&nbsp;<\/p>\n<p>&nbsp;<\/p>\n<p>&nbsp;<\/p>\n<p>[\/et_pb_text][\/et_pb_column][\/et_pb_row][\/et_pb_section]<\/p>\n","protected":false},"excerpt":{"rendered":"<p>Aviso\u00a0de PrivacidadAVISO DE PRIVACIDAD INTEGRAL PARA PROVEEDOR &nbsp; Cadena Comercial OXXO, S.A. de C.V. y Cadena de Descuento BARA, S.A.P.I. de C.V. Servicios Comerciales OXXO, S.A de C.V. Son las empresas que comercializan, respectivamente, los bienes y servicios en las Tiendas BARA Es la empresa que cuenta con la licencia de transmisor de dinero y [&hellip;]<\/p>\n","protected":false},"author":3,"featured_media":0,"parent":0,"menu_order":0,"comment_status":"closed","ping_status":"closed","template":"","meta":{"_et_pb_use_builder":"on","_et_pb_old_content":"<!-- wp:divi\/placeholder \/-->","_et_gb_content_width":"","footnotes":""},"class_list":["post-3436","page","type-page","status-publish","hentry"],"_links":{"self":[{"href":"https:\/\/bara.com.mx\/index.php?rest_route=\/wp\/v2\/pages\/3436","targetHints":{"allow":["GET"]}}],"collection":[{"href":"https:\/\/bara.com.mx\/index.php?rest_route=\/wp\/v2\/pages"}],"about":[{"href":"https:\/\/bara.com.mx\/index.php?rest_route=\/wp\/v2\/types\/page"}],"author":[{"embeddable":true,"href":"https:\/\/bara.com.mx\/index.php?rest_route=\/wp\/v2\/users\/3"}],"replies":[{"embeddable":true,"href":"https:\/\/bara.com.mx\/index.php?rest_route=%2Fwp%2Fv2%2Fcomments&post=3436"}],"version-history":[{"count":5,"href":"https:\/\/bara.com.mx\/index.php?rest_route=\/wp\/v2\/pages\/3436\/revisions"}],"predecessor-version":[{"id":3461,"href":"https:\/\/bara.com.mx\/index.php?rest_route=\/wp\/v2\/pages\/3436\/revisions\/3461"}],"wp:attachment":[{"href":"https:\/\/bara.com.mx\/index.php?rest_route=%2Fwp%2Fv2%2Fmedia&parent=3436"}],"curies":[{"name":"wp","href":"https:\/\/api.w.org\/{rel}","templated":true}]}}