{"id":3431,"date":"2026-03-04T15:03:10","date_gmt":"2026-03-04T21:03:10","guid":{"rendered":"https:\/\/bara.com.mx\/?page_id=3431"},"modified":"2026-03-04T15:47:55","modified_gmt":"2026-03-04T21:47:55","slug":"aviso-de-privacidad-2","status":"publish","type":"page","link":"https:\/\/bara.com.mx\/?page_id=3431","title":{"rendered":"Aviso de Privacidad 1"},"content":{"rendered":"<p>[et_pb_section fb_built=\u00bb1&#8243; _builder_version=\u00bb4.27.4&#8243; _module_preset=\u00bbdefault\u00bb custom_padding=\u00bb0px||0px||true|false\u00bb da_disable_devices=\u00bboff|off|off\u00bb global_colors_info=\u00bb{}\u00bb da_is_popup=\u00bboff\u00bb da_exit_intent=\u00bboff\u00bb da_has_close=\u00bbon\u00bb da_alt_close=\u00bboff\u00bb da_dark_close=\u00bboff\u00bb da_not_modal=\u00bbon\u00bb da_is_singular=\u00bboff\u00bb da_with_loader=\u00bboff\u00bb da_has_shadow=\u00bbon\u00bb][et_pb_row _builder_version=\u00bb4.27.4&#8243; _module_preset=\u00bbdefault\u00bb global_colors_info=\u00bb{}\u00bb][et_pb_column type=\u00bb4_4&#8243; _builder_version=\u00bb4.27.4&#8243; _module_preset=\u00bbdefault\u00bb global_colors_info=\u00bb{}\u00bb][et_pb_text _builder_version=\u00bb4.27.4&#8243; _module_preset=\u00bbdefault\u00bb header_font=\u00bbOmnes Black||||||||\u00bb header_text_color=\u00bb#fd8204&#8243; header_font_size=\u00bb40px\u00bb header_line_height=\u00bb1.6em\u00bb text_orientation=\u00bbcenter\u00bb custom_margin=\u00bb||0px||false|false\u00bb global_colors_info=\u00bb{}\u00bb]<\/p>\n<h1 style=\"text-align: center;\">Aviso de Privacidad<\/h1>\n<p>[\/et_pb_text][et_pb_text _builder_version=\u00bb4.27.4&#8243; _module_preset=\u00bbdefault\u00bb text_font=\u00bbomnes-regular-webfont||||||||\u00bb text_text_color=\u00bb#343434&#8243; text_font_size=\u00bb17px\u00bb text_orientation=\u00bbjustified\u00bb hover_enabled=\u00bb0&#8243; global_colors_info=\u00bb{}\u00bb sticky_enabled=\u00bb0&#8243; custom_padding=\u00bb0px|||||\u00bb]<\/p>\n<p style=\"text-align: center;\"><span style=\"font-size: x-large;\"><strong>AVISO DE PRIVACIDAD <\/strong><strong>INTEGRAL PARA CLIENTES<\/strong><\/span><\/p>\n<ol>\n<li><strong> <\/strong><strong>RESPONSABLE DE LOS DATOS<\/strong><\/li>\n<\/ol>\n<table width=\"0\">\n<tbody>\n<tr>\n<td width=\"278\">Cadena Comercial OXXO, S.A. de C.V. y Cadena de Descuento BARA, S.A.P.I. de C.V.<\/td>\n<td width=\"293\">Servicios Comerciales OXXO, S.A de C.V.<\/td>\n<\/tr>\n<tr>\n<td width=\"278\">Son las empresas que comercializan, respectivamente, los bienes y servicios en las Tiendas BARA<\/td>\n<td width=\"293\">Es la empresa que cuenta con la licencia de transmisor de dinero y le permite ofrecer remesas<\/td>\n<\/tr>\n<\/tbody>\n<\/table>\n<p>Con domicilio en Edison 1235 Norte, colonia Talleres en Monterrey, Nuevo Le\u00f3n, M\u00e9xico, C.P. 64480. Edison 1235 Norte, colonia Talleres en Monterrey, Nuevo Le\u00f3n, M\u00e9xico, C.P. 64480, conjuntamente forman \u201cBARA\u201d.<\/p>\n<ol start=\"2\">\n<li><strong> <\/strong><strong>DATOS PERSONALES<\/strong><\/li>\n<\/ol>\n<p>En BARA recopilamos datos que permiten identificarle de forma directa e indirecta. Esto puede ocurrir de diversas maneras:<\/p>\n<ul>\n<li>Cuando visita nuestras tiendas;<\/li>\n<li>Cuando contrata nuestros servicios;<\/li>\n<li>Al navegar en nuestro sitio web <a href=\"https:\/\/www.bara.com.mx\/\">https:\/\/www.bara.com.mx\/<\/a><\/li>\n<li>Nos contacta a trav\u00e9s de nuestros canales de atenci\u00f3n;<\/li>\n<li>Al participar en nuestras din\u00e1micas, promociones y\/o experiencias;<\/li>\n<li>Cuando obtenemos datos a trav\u00e9s de fuentes p\u00fablicas de acceso permitido.<\/li>\n<\/ul>\n<p>Estos datos e informaci\u00f3n, que pueden vincularse directa o indirectamente con usted, constituyen sus \u201cDatos Personales\u201d e incluyen las siguientes categor\u00edas:<\/p>\n<table>\n<tbody>\n<tr>\n<td width=\"283\">Datos de car\u00e1cter personal -generales-:<\/td>\n<td width=\"305\">Intereses y preferencias:<\/td>\n<\/tr>\n<tr>\n<td width=\"283\">\n<ul>\n<li>Datos identificativos<\/li>\n<li>Datos de contacto<\/li>\n<li>Datos biom\u00e9tricos de identificaci\u00f3n<\/li>\n<\/ul>\n<p>&nbsp;<\/p>\n<\/td>\n<td width=\"305\">\n<ul>\n<li>Transaccionales y de preferencia de consumo e intereses relacionados con los bienes y servicios que ofrecemos<\/li>\n<\/ul>\n<\/td>\n<\/tr>\n<tr>\n<td width=\"283\">Localizaci\u00f3n o geolocalizaci\u00f3n:<\/td>\n<td width=\"305\">Informaci\u00f3n:<\/td>\n<\/tr>\n<tr>\n<td width=\"283\">\n<ul>\n<li>Datos de ubicaci\u00f3n<\/li>\n<li>Datos demogr\u00e1ficos, incluyendo los relativos a la ubicaci\u00f3n geogr\u00e1fica del dispositivo que utilice para usar nuestros servicios<\/li>\n<\/ul>\n<\/td>\n<td width=\"305\">\n<ul>\n<li>Datos financieros y patrimoniales<\/li>\n<li>Datos de autentificaci\u00f3n<\/li>\n<li>De caracter\u00edsticas t\u00e9cnicas y operativas de sus dispositivos m\u00f3viles<\/li>\n<\/ul>\n<\/td>\n<\/tr>\n<tr>\n<td width=\"283\">Caracter\u00edsticas f\u00edsicas:<\/td>\n<td width=\"305\">Navegaci\u00f3n:<\/td>\n<\/tr>\n<tr>\n<td width=\"283\">\n<ul>\n<li>Imagen personal<\/li>\n<li>Informaci\u00f3n que usted nos proporcione voluntariamente durante la atenci\u00f3n de quejas, solicitudes o reclamaciones.<\/li>\n<\/ul>\n<p>&nbsp;<\/p>\n<\/td>\n<td width=\"305\">\n<ul>\n<li>Navegaci\u00f3n y datos sobre el uso y consumo de los servicios de internet desde si dispositivo.<\/li>\n<li>Dominio y sello de tiempo de los sitios web visitados (registro de tr\u00e1fico) y caracter\u00edsticas operativas.<\/li>\n<\/ul>\n<\/td>\n<\/tr>\n<\/tbody>\n<\/table>\n<p><em>Si usted participa en alguna din\u00e1mica, activaci\u00f3n y\/o experiencia, o bien, nos etiqueta, nos contacta y\/o se registra a trav\u00e9s de nuestras redes sociales, tambi\u00e9n podremos obtener y tratar dichos datos.<\/em><\/p>\n<p>BARA podr\u00e1 tratar datos personales de identificaci\u00f3n relativos a terceras personas relacionadas con usted, como es el caso de las personas que usted se\u00f1ale como \u201cbeneficiario\u201d en el caso de la contrataci\u00f3n del servicio de env\u00edo de dinero, permiti\u00e9ndole a su beneficiado poder acudir a nuestras Tiendas y realizar el correspondiente retiro, o bien, el del \u201cdestinatario\u201d en caso de contratar el servicio de envi\u00f3 de paqueter\u00eda.<\/p>\n<p>Al facilitar dichos datos personales, usted reconoce haber informado a dicho tercero sobre su tratamiento y contar con su respectivo consentimiento.<\/p>\n<p>De igual manera, BARA no recolecta informaci\u00f3n personal de menores de edad. Conforme al presente Aviso de Privacidad, BARA no obtendr\u00e1 ni tratar\u00e1 datos personales sensibles.<\/p>\n<ol start=\"3\">\n<li><strong> <\/strong><strong>FINALIDADES DEL TRATAMIENTO<\/strong><\/li>\n<\/ol>\n<p><strong>Finalidades primarias:<\/strong> Los datos personales que recabamos de usted los utilizaremos para para cumplir con nuestras obligaciones legales, seg\u00fan lo siguiente:<\/p>\n<table>\n<tbody>\n<tr>\n<td width=\"294\"><strong>Usos comerciales:<\/strong><\/td>\n<td width=\"294\"><strong>Usos Financieros \/ Transacciones:<\/strong><\/td>\n<td width=\"0\"><\/td>\n<\/tr>\n<tr>\n<td rowspan=\"3\" width=\"294\">\n<p>Finalidades relacionadas directamente con la venta de productos y prestaci\u00f3n de servicios.<\/p>\n<ul>\n<li>Llevar a cabo la venta de productos y servicios en nuestras Tiendas.<\/li>\n<li>Procesar y realizar devoluciones.<\/li>\n<li>Atender y dar seguimiento a sus quejas, aclaraciones, sugerencias y felicitaciones.<\/li>\n<li>Canalizarlo para la atenci\u00f3n de servicios, garant\u00edas o reclamaciones de productos y\/o servicios cuando resulte procedente.<\/li>\n<li>Recepci\u00f3n y\/o entrega en nuestras Tiendas de los paquetes correspondientes a sus compras.<\/li>\n<\/ul>\n<\/td>\n<td width=\"294\">\n<p>Finalidades asociadas al manejo de pagos, dep\u00f3sitos o servicios financieros.<\/p>\n<ul>\n<li>Realizar el proceso de cobro en nuestras Tiendas.<\/li>\n<li>Realizar el pago de remesas que hayan sido enviadas para su cobro.<\/li>\n<li>Permitirle realizar env\u00edos de dinero, o bien, llevar a cabo el cobro.<\/li>\n<li>Enviar comprobantes de compra y tickets digitales al correo electr\u00f3nico que usted nos haya proporcionado.<\/li>\n<li>Emitir y enviar los comprobantes fiscales digitales por internet (CFDI) conforme a la legislaci\u00f3n fiscal aplicable, siempre que usted as\u00ed lo solicite.<\/li>\n<li>Recibir el pago correspondiente a los servicios que usted tiene contratados con las empresas con las que tengamos convenio (luz, cable, colegiaturas, impuestos, etc.).<\/li>\n<li>Aceptar dep\u00f3sitos de dinero en efectivo (corresponsal\u00edas) para ser aplicados a la cuenta bancaria que usted nos indique.<\/li>\n<li>Llevar a cabo la adquisici\u00f3n de boletos de autob\u00fas, o bien la recarga de las tarjetas de transporte digitales con empresas con las que tengamos convenio.<\/li>\n<li>Registrar transacciones financieras, en cumplimiento con la legislaci\u00f3n aplicable.<\/li>\n<\/ul>\n<\/td>\n<td width=\"0\"><\/td>\n<\/tr>\n<tr>\n<td width=\"294\">Usos de Identificaci\u00f3n y Seguridad:<\/td>\n<td width=\"0\"><\/td>\n<\/tr>\n<tr>\n<td rowspan=\"5\" width=\"294\">\n<p>Finalidades orientadas a verificar identidad o proteger la integridad de las operaciones o las personas.<\/p>\n<ul>\n<li>Con el objetivo de proteger su identidad y evitar errores o inconsistencias al capturar su informaci\u00f3n para las transacciones de pago de remesas y env\u00edos de dinero, verificamos su cuidadosamente sus datos.<\/li>\n<li>Acreditar su identidad para poder ofrecerle directamente, o a trav\u00e9s de terceros, los bienes y\/o servicios que hay contratado, as\u00ed como entregar premios o beneficios si ha resultado ganador en nuestras din\u00e1micas, promociones y\/o experiencias.<\/li>\n<li>Validar la veracidad y calidad de la informaci\u00f3n que usted nos proporciona de acuerdo con nuestras pol\u00edticas y procedimientos internos.<\/li>\n<li>Llevar a cabo la vigilancia y protecci\u00f3n de la seguridad de nuestros clientes, empleados, colaboradores, candidatos y socios comerciales, visitantes que ingresen a nuestras instalaciones, zona perimetral y\/o nuestros sistemas.<\/li>\n<li>Monitorear, auditar e investigar posibles conductas irregulares, en cumplimiento con las leyes aplicables.<\/li>\n<li>Cumplir con nuestros lineamientos internos.<\/li>\n<li>Asistencia y atenci\u00f3n de emergencias.<\/li>\n<li>Generar insignias de seguridad (incluyendo identificaci\u00f3n con fotograf\u00eda).<\/li>\n<li>Validar la seguridad en nuestras redes y servicios e impedir el uso no autorizado de nuestra red.<\/li>\n<\/ul>\n<\/td>\n<td width=\"0\"><\/td>\n<\/tr>\n<tr>\n<td width=\"294\">Usos Digitales \/ Electr\u00f3nicos:<\/td>\n<\/tr>\n<tr>\n<td width=\"294\">\n<p>Finalidades asociadas al acceso, activaci\u00f3n o uso de plataformas, chips o tarjetas electr\u00f3nicas.<\/p>\n<ul>\n<li>Proporcionarle acceso temporal a nuestra red inal\u00e1mbrica controlada de Wifi que se encuentra instalada en nuestras Tiendas y registrarlo como usuario.<\/li>\n<\/ul>\n<ul>\n<li>Brindarle el servicio de venta y activaci\u00f3n de tarjetas, suscripciones y membres\u00edas electr\u00f3nicas mediante las cuales usted pueda acceder a diversas plataformas de entretenimiento, videojuegos, monedas virtuales y softwares ofertados en BARA.<\/li>\n<li>Llevar a cabo las recargas de tiempo aire.<\/li>\n<\/ul>\n<\/td>\n<\/tr>\n<tr>\n<td width=\"294\">Evaluaci\u00f3n y mejora de productos y servicios<\/td>\n<\/tr>\n<tr>\n<td rowspan=\"3\" width=\"294\">\n<ul>\n<li>Evaluar, mejorar, administrar, procurar y otorgar los productos y servicios que ofrecemos.<\/li>\n<li>Realizar encuestas para evaluar la calidad de nuestros productos, servicios y atenci\u00f3n a clientes, poni\u00e9ndolas a su disposici\u00f3n e incluso envi\u00e1rselas para su participaci\u00f3n voluntaria.<\/li>\n<\/ul>\n<\/td>\n<\/tr>\n<tr>\n<td width=\"294\">Cumplimiento normativo<\/td>\n<td width=\"0\"><\/td>\n<\/tr>\n<tr>\n<td width=\"294\">\n<ul>\n<li>Cumplir con las obligaciones legales, pol\u00edticas y procedimientos internos, incluyendo auditor\u00edas internas y externas y requerimientos de autoridades<\/li>\n<\/ul>\n<\/td>\n<td width=\"0\"><\/td>\n<\/tr>\n<tr>\n<td colspan=\"2\" width=\"589\">Participaci\u00f3n en din\u00e1micas y experiencias:<\/td>\n<td width=\"0\"><\/td>\n<\/tr>\n<tr>\n<td colspan=\"2\" width=\"589\">\n<ul>\n<li>Permitirle participar, ya sea en Tienda o plataformas digitales, en din\u00e1micas y experiencias con oportunidad de ganar accesos a eventos, souvenirs y experiencias.<\/li>\n<li>Informarle sobre eventos, din\u00e1micas y concursos, e invitarle a participar en los mismos.<\/li>\n<\/ul>\n<p>&nbsp;<\/p>\n<p><em>Le informamos que, en caso de que usted participe en dichas actividades y proporcione una imagen o video, BARA podr\u00e1 tratar su imagen personal a trav\u00e9s de videos y\/o fotograf\u00edas, para su publicaci\u00f3n, a trav\u00e9s de distintos medios de difusi\u00f3n \u2013 f\u00edsicos y electr\u00f3nicos-. <\/em><\/p>\n<\/td>\n<td width=\"0\"><\/td>\n<\/tr>\n<\/tbody>\n<\/table>\n<p><strong>Finalidades secundarias: <\/strong>BARA conservar\u00e1 sus datos personales para las siguientes finalidades que no son necesarias para cumplir con nuestras obligaciones que surgen al momento de que usted adquiera los productos y\/o servicios que BARA ofrece, pero que en caso de que usted no se oponga, nos permita mejorar su experiencia y brindarle una atenci\u00f3n m\u00e1s personalizada. Usted podr\u00e1 manifestar su negativa a estas finalidades a trav\u00e9s de los medios previstos en nuestro Aviso de Privacidad:<\/p>\n<table>\n<tbody>\n<tr>\n<td width=\"589\">Uso promocional y de marketing:<\/td>\n<\/tr>\n<tr>\n<td width=\"589\">\n<ul>\n<li>Contactarlo y enviarle informaci\u00f3n de car\u00e1cter publicitario, promocional y\/o informativo y prospecci\u00f3n comercial de car\u00e1cter personalizada sobre promociones, lanzamientos de productos, descuentos, cupones, ofertas, productos y\/o servicios. Dicha comunicaci\u00f3n podr\u00e1 ser realizada por BARA o por nuestros socios comerciales, a trav\u00e9s de los medios de contacto que usted nos haya proporcionado -incluyendo env\u00edo de correos electr\u00f3nicos, mensajes SMS, llamadas telef\u00f3nicas, mensajer\u00eda instant\u00e1nea tipo WhatsApp-.<\/li>\n<li>Enviarle encuestas de satisfacci\u00f3n y realizar estudios para evaluar la calidad de nuestros productos, servicios y atenci\u00f3n al cliente.<\/li>\n<li>Facilitarle el acceso y\/o la contrataci\u00f3n de productos, bienes o servicios proporcionados por terceros con los que el Responsable mantenga relaciones contractuales celebradas en beneficio de usted.<\/li>\n<li>Utilizar y divulgar su imagen personal (fotograf\u00eda, video, etc.) en materiales informativos y promocionales.<\/li>\n<\/ul>\n<\/td>\n<\/tr>\n<tr>\n<td width=\"589\">Uso de anal\u00edticos y perfilamiento:<\/td>\n<\/tr>\n<tr>\n<td width=\"589\">\n<ul>\n<li>Generar perfiles y realizar campa\u00f1as de segmentaci\u00f3n para conocer sus h\u00e1bitos y preferencias en relaci\u00f3n con nuestros productos y servicios de inter\u00e9s, mejorar su experiencia de compra, entender sus necesidades y brindarle un mejor servicio, utilizando t\u00e9cnicas de an\u00e1lisis masivo de datos para crear perfilamiento a partir de la informaci\u00f3n que haya sido proporcionada por usted directa o indirectamente.<\/li>\n<li>Analizamos el tiempo que pasas en nuestras herramientas tecnol\u00f3gicas y las visualizaciones que realizas a nuestros productos para brindarle un mejor servicio.<\/li>\n<\/ul>\n<\/td>\n<\/tr>\n<tr>\n<td width=\"589\">Din\u00e1micas, experiencias y promociones<\/td>\n<\/tr>\n<tr>\n<td width=\"589\">\n<ul>\n<li>Invitarle a participar en nuestras din\u00e1micas, experiencias y promociones con base en sus gustos y h\u00e1bitos de consumo.<\/li>\n<\/ul>\n<\/td>\n<\/tr>\n<\/tbody>\n<\/table>\n<p>Recuerde que Usted puede, en todo momento, limitar el uso de sus datos personales ejerciendo sus derechos ARCO, o bien, registr\u00e1ndose en el Registro P\u00fablico para Evitar la Publicidad (REPEP) de la PROFECO para evitar publicidad. Visite www.gob.mx\/profeco o llame al 800 468 8722 para m\u00e1s informaci\u00f3n.<\/p>\n<ol start=\"4\">\n<li><strong> <\/strong><strong>TRANSFERENCIA DE DATOS PERSONALES<\/strong><\/li>\n<\/ol>\n<p><strong>Transferencias que no requieren su consentimiento:<\/strong><\/p>\n<p>BARA podr\u00e1 compartir sus datos personales sin requerir de su consentimiento en los siguientes supuestos:<\/p>\n<ul>\n<li>Terceros con los que BARA tenga una relaci\u00f3n jur\u00eddica y su transferencia sea necesaria para poder llevar a cabo el cumplimiento de las finalidades para las que fueron recabados los datos personales y usted pueda ser beneficiado.<\/li>\n<li>A sociedades controladoras, subsidiarias o afiliadas bajo el control com\u00fan de BARA, o a una sociedad matriz o cualquier sociedad del mismo grupo empresarial al que BARA pertenece que opere bajo los mismos procesos y pol\u00edticas internas de privacidad.<\/li>\n<li>Autoridades competentes, para el cumplimiento de obligaciones legales, informativas, de transparencia, seguridad y prevenci\u00f3n;<\/li>\n<li>Transmisores de dinero en caso de que usted sea receptor de fondos del exterior, con la finalidad de dar cumplimiento con la regulaci\u00f3n aplicable.<\/li>\n<\/ul>\n<p><strong>Transferencias para las que requerimos su consentimiento:<\/strong><\/p>\n<p>Cuando usted nos proporcione su <strong>consentimiento expreso<\/strong>, BARA podr\u00e1 transferir sus datos personales en los siguientes supuestos:<\/p>\n<ul>\n<li>Podremos compartir con socios comerciales o proveedores con quienes tengamos celebrados convenios, sus datos personales, incluyendo h\u00e1bitos de consumo y\/o perfil transaccional para que dichos terceros puedan: (i) evaluarle conforme a sus propios procedimientos internos a fin de determinar la idoneidad de ofrecerle productos, servicios y\/o cr\u00e9ditos; y (ii) contactarle directamente para enviarle informaci\u00f3n publicitaria, promocional y\/o informativa sobre bienes o servicios que puedan ser de su inter\u00e9s, incluyendo programas de lealtad, membres\u00edas, medios de pago u otros servicios relacionados.<\/li>\n<li>Para compartir con dichos terceros su perfil y h\u00e1bitos de consumo, con el fin de crear audiencias, segmentar mercados y permitirles realizar an\u00e1lisis comerciales, publicitarios o de afinidad de productos o servicios, incluyendo el env\u00edo de comunicaciones promocionales.<\/li>\n<\/ul>\n<p>Al transferir sus datos, los terceros receptores asumen el rol de \u201cResponsables\u201d conforme a la Ley, por lo que, si desean usarlos para fines distintos a los aqu\u00ed se\u00f1alados, o bien, obtener datos adicionales, deber\u00e1n obtener previamente su consentimiento. Dichos terceros deber\u00e1n implementar las medidas de seguridad acordes con las finalidades informadas en este Aviso de Privacidad y la legislaci\u00f3n aplicable. Al aceptar este Aviso, usted otorga su consentimiento para la transferencia de sus Datos Personales conforme lo previamente informado.<\/p>\n<p>Considere que usted podr\u00e1 limitar o revocar el consentimiento en cualquier momento, ejerciendo sus derechos ARCO, conforme a lo siguiente:<\/p>\n<ol start=\"5\">\n<li><strong> <\/strong><strong>DERECHOS ARCO<\/strong><\/li>\n<\/ol>\n<p>Usted o su representante legal podr\u00e1 ejercer en cualquier momento sus Derechos ARCO:<\/p>\n<p><strong>Acceso<\/strong> a conocer qu\u00e9 datos personales tenemos de usted y c\u00f3mo los utilizamos.<\/p>\n<p><strong>Rectificaci\u00f3n<\/strong> en caso de que sus datos sean inexactos o incompletos, o bien, usted requiera actualizarlos.<\/p>\n<p><strong>Cancelaci\u00f3n<\/strong> para eliminar sus datos de nuestros registros, a partir de un bloqueo y su posterior supresi\u00f3n.<\/p>\n<p><strong>Oposici\u00f3n<\/strong> para pedir el cese del tratamiento para fines espec\u00edficos (ejemplo, finalidades secundarias)<\/p>\n<p>Adicionalmente, usted podr\u00e1 <strong>Revocar <\/strong>el consentimiento previamente otorgado (esto podr\u00eda afectar la continuidad del servicio solicitado a BARA), o bien, podr\u00e1 <strong>Limitar su consentimiento<\/strong> tal como lo establece la Ley.<\/p>\n<p>Es importante que tenga en cuenta que no en todos los casos podremos cumplir su solicitud o concluir el uso de forma inmediata, ya que es posible que por alguna obligaci\u00f3n legal requiramos seguir tratando sus datos personales.<\/p>\n<p><strong>\u00bfC\u00f3mo puede hacerlo?<\/strong><\/p>\n<p>Siguiendo el procedimiento, requisitos y plazos para el ejercicio de sus Derechos conforme lo establecido en la Ley Federal de Protecci\u00f3n de Datos Personales en Posesi\u00f3n de particulares.<\/p>\n<ol>\n<li><u>Llamando a Atenci\u00f3n a Clientes BARA<\/u> al tel\u00e9fono sin costo <strong>477-714-90-90 <\/strong>o por medio del correo electr\u00f3nico <strong>atencionaclientes@bara.com.mx, <\/strong>proporcionando nombre completo del titular, tel\u00e9fono y correo electr\u00f3nico para comunicarle la respuesta a su solicitud;<\/li>\n<li>Enviando copia de la Identificaci\u00f3n oficial (INE o Pasaporte) que acredite su identidad, o en su caso, la del representante legal del titular, junto con copia del documento que acredite su representaci\u00f3n legal.<\/li>\n<li>Describiendo de forma clara y precisa los datos personales respecto de los que se busca ejercer alguno de los derechos antes mencionados, y cualquier otro elemento o documento que facilite la localizaci\u00f3n de los datos.<\/li>\n<\/ol>\n<p>En caso de que falte alguno de los requisitos, BARA podr\u00e1 contactarlo a trav\u00e9s de los medios que usted haya proporcionado para solicitar que, en un plazo no mayor a 5 d\u00edas h\u00e1biles, entregue la informaci\u00f3n faltante. La solicitud se considerar\u00e1 formalmente presentada una vez que se hayan cumplido todos los requisitos.<\/p>\n<p>BARA informar\u00e1 al titular, en un plazo m\u00e1ximo de 20 d\u00edas h\u00e1biles contados a partir de la recepci\u00f3n completa de la solicitud, la resoluci\u00f3n adoptada. En caso de que esta sea procedente, se implementar\u00e1 en un lapso de 15 d\u00edas h\u00e1biles posteriores a la comunicaci\u00f3n de la respuesta. Cabe mencionar que dichos plazos podr\u00edan ampliarse si las circunstancias del caso as\u00ed lo justifican.<\/p>\n<ol start=\"6\">\n<li><strong> <\/strong><strong>COOKIES Y OTRAS TECNOLOG\u00cdAS<\/strong><\/li>\n<\/ol>\n<p>BARA utiliza varias tecnolog\u00edas para mejorar la eficiencia de su p\u00e1gina web, incluyendo su experiencia cuando navega en esta. Las cookies son peque\u00f1as cantidades de informaci\u00f3n que se almacenan en el navegador utilizado por cada usuario para que el servidor recuerde cierta informaci\u00f3n que posteriormente pueda utilizar. Esta informaci\u00f3n permite identificarle y guardarle sus preferencias personales para brindarle una mejor experiencia en la navegaci\u00f3n.<\/p>\n<p>Le recordamos que usted puede desactivar, deshabilitar o ajustar el uso de cookies y otras tecnolog\u00edas siguiendo los procedimientos del dispositivo que utiliza.<\/p>\n<ol start=\"7\">\n<li><strong> <\/strong><strong>DEPARTAMENTO DE DATOS PERSONALES<\/strong><\/li>\n<\/ol>\n<p>Es importante hacer de su conocimiento que BARA cuenta con un Oficial de Datos Personales el cual, como parte de sus funciones, tiene la de resolver cualquier duda que usted pudiere tener relacionada con el uso de su informaci\u00f3n. Asimismo, el Oficial de Datos Personales dar\u00e1 seguimiento a cualquier queja o reclamaci\u00f3n que usted pudiere tener relacionada con el tratamiento de su informaci\u00f3n personal.<\/p>\n<ol start=\"8\">\n<li><strong> <\/strong><strong>AUTORIDAD DE PROTECCI\u00d3N DE DATOS PERSONALES<\/strong><\/li>\n<\/ol>\n<p>Le informamos que tiene el derecho de acudir ante la Unidad de Protecci\u00f3n de Datos Personales de la Secretar\u00eda de Anticorrupci\u00f3n y buen Gobierno para hacer valer cualquier inconformidad relacionada con su derecho a la protecci\u00f3n de datos personales.<\/p>\n<ol start=\"9\">\n<li><strong> <\/strong><strong>CAMBIOS Y ACTUALIZACIONES AL AVISO DE PRIVACIDAD<\/strong><\/li>\n<\/ol>\n<p>BARA puede actualizar o modificar este Aviso de Privacidad en cualquier momento, ya sea por cambios en la legislaci\u00f3n, ajustes en sus pol\u00edticas internas o nuevas necesidades para ofrecer sus servicios. En caso de realizar cambios, BARA lo informar\u00e1 a trav\u00e9s de su p\u00e1gina oficial: https:\/\/bara.com.mx\/, o en su aplicaci\u00f3n, indicando la fecha de la versi\u00f3n actualizada. Se recomienda revisar peri\u00f3dicamente estos medios para mantenerse informado sobre c\u00f3mo se manejan sus datos personales.<\/p>\n<p><em>Al utilizar nuestros servicios usted acepta expresamente que ha le\u00eddo el presente Aviso de Privacidad y que BARA pueda llevar a cabo el tratamiento de sus datos personales para los fines aqu\u00ed descritos. <\/em><\/p>\n<p>\u00daltima actualizaci\u00f3n: octubre 2025<\/p>\n<p>&nbsp;<\/p>\n<p>[\/et_pb_text][\/et_pb_column][\/et_pb_row][\/et_pb_section]<\/p>\n","protected":false},"excerpt":{"rendered":"<p>Aviso de PrivacidadAVISO DE PRIVACIDAD INTEGRAL PARA CLIENTES RESPONSABLE DE LOS DATOS Cadena Comercial OXXO, S.A. de C.V. y Cadena de Descuento BARA, S.A.P.I. de C.V. Servicios Comerciales OXXO, S.A de C.V. Son las empresas que comercializan, respectivamente, los bienes y servicios en las Tiendas BARA Es la empresa que cuenta con la licencia de [&hellip;]<\/p>\n","protected":false},"author":3,"featured_media":0,"parent":0,"menu_order":0,"comment_status":"closed","ping_status":"closed","template":"","meta":{"_et_pb_use_builder":"on","_et_pb_old_content":"<!-- wp:divi\/placeholder \/-->","_et_gb_content_width":"","footnotes":""},"class_list":["post-3431","page","type-page","status-publish","hentry"],"_links":{"self":[{"href":"https:\/\/bara.com.mx\/index.php?rest_route=\/wp\/v2\/pages\/3431","targetHints":{"allow":["GET"]}}],"collection":[{"href":"https:\/\/bara.com.mx\/index.php?rest_route=\/wp\/v2\/pages"}],"about":[{"href":"https:\/\/bara.com.mx\/index.php?rest_route=\/wp\/v2\/types\/page"}],"author":[{"embeddable":true,"href":"https:\/\/bara.com.mx\/index.php?rest_route=\/wp\/v2\/users\/3"}],"replies":[{"embeddable":true,"href":"https:\/\/bara.com.mx\/index.php?rest_route=%2Fwp%2Fv2%2Fcomments&post=3431"}],"version-history":[{"count":6,"href":"https:\/\/bara.com.mx\/index.php?rest_route=\/wp\/v2\/pages\/3431\/revisions"}],"predecessor-version":[{"id":3460,"href":"https:\/\/bara.com.mx\/index.php?rest_route=\/wp\/v2\/pages\/3431\/revisions\/3460"}],"wp:attachment":[{"href":"https:\/\/bara.com.mx\/index.php?rest_route=%2Fwp%2Fv2%2Fmedia&parent=3431"}],"curies":[{"name":"wp","href":"https:\/\/api.w.org\/{rel}","templated":true}]}}